{"id":40133,"date":"2021-10-27T10:40:05","date_gmt":"2021-10-27T10:40:05","guid":{"rendered":"https:\/\/www.menura-tours.com\/luebeck\/"},"modified":"2021-12-01T12:05:35","modified_gmt":"2021-12-01T12:05:35","slug":"luebeck","status":"publish","type":"page","link":"https:\/\/www.menura-tours.com\/mx\/luebeck\/","title":{"rendered":"L\u00fcbeck, Schleswig-Holstein"},"content":{"rendered":"<p>[vc_row][vc_column][vc_column_text][\/vc_column_text][\/vc_column][\/vc_row][vc_row content_placement=&#8221;top&#8221; row_content_width=&#8221;grid&#8221;][vc_column offset=&#8221;vc_col-lg-offset-0 vc_col-lg-7 vc_col-md-offset-0 vc_col-md-10 vc_col-sm-offset-0&#8243;]<div class=\"qodef-elements-holder   qodef-one-column  qodef-responsive-mode-768 \" ><div class=\"qodef-eh-item    \"  data-item-class=\"qodef-eh-custom-7729\" data-1367-1600=\"155px 0px 170px\" data-1025-1366=\"155px 0px 170px\" data-769-1024=\"155px 0px 80px\" data-681-768=\"155px 0px 80px\" data-680=\"161px 0px 80px\">\n\t<div class=\"qodef-eh-item-inner\">\n\t\t<div class=\"qodef-eh-item-content qodef-eh-custom-7729\" style=\"padding: 35px 0 70px 0\">\n\t\t\t<div class=\"qodef-section-title-holder \" >\n\t<div class=\"qodef-st-inner\">\n\t\t\t\t\t\t\t<h2 class=\"qodef-st-title\" >\n\t\t\t\tL\u00fcbeck es un destino que siempre merece la pena visitar.\t\t\t<\/h2>\n\t\t\t\t\t\t\t<p class=\"qodef-st-text\" style=\"font-size: 17px;line-height: 28px;margin-top: 15px\">\n\t\t\t\tSu casco antiguo, dominado por las siete torres de sus iglesias, es visible desde lejos. El centro de la ciudad medieval, una isla bordeado por los r\u00edos Trave y Wakenitz, fue declarada Patrimonio de la Humanidad por la UNESCO en 1987.\t\t\t<\/p>\n\t\t\t<\/div>\n<\/div>[vc_empty_space height=&#8221;13px&#8221;][vc_column_text]<span style=\"font-family: 'Arial',sans-serif; color: #333333;\">Con unos 1.800 edificios protegidos del estilo g\u00f3tico de ladrillo, el centro hist\u00f3rico de L\u00fcbeck es el primero en Europa del norte en ser declarado Patrimonio de la Humanidad en su totalidad. Entre estos edificios se encuentran sus t\u00edpicas casas con techado a dos aguas, la famosa Puerta de Holsten (el s\u00edmbolo de la ciudad), sus cinco iglesias grandes y el hist\u00f3rico ayuntamiento, desde el que se sigue gobernando la ciudad<strong><span style=\"font-family: 'Arial',sans-serif;\">.<\/span><\/strong><\/span><\/p>\n<p><span style=\"font-family: 'Arial',sans-serif; color: #333333;\">Una caracter\u00edstica especial de la ciudad es su laberinto de 90 peque\u00f1os pasillos y patios residenciales hist\u00f3ricos (tambi\u00e9n restos de la arquitectura medieval de la ciudad). A veces no tan f\u00e1ciles de encontrar, estos mundos ocultos invitan a descubrir y vivir el pintoresco y a la vez \u00fanico romanticismo de las casas traseras de L\u00fcbeck.<\/span><\/p>\n<p><span style=\"font-family: 'Arial',sans-serif; color: #333333;\">Numerosos monumentos y museos son testigos de lo pr\u00f3spera que fue L\u00fcbeck en el pasado. A mitad del siglo XIV, la ciudad consigui\u00f3 establecerse como la ciudad comercial m\u00e1s importante del norte de Europa y, desde entonces, se la conoce como la capital de la Liga Hanse\u00e1tica, o Reina de la Liga Hanse\u00e1tica. Hoy en d\u00eda, unos 200.000 habitantes viven en esta hist\u00f3rica y vibrante ciudad universitaria. A pesar de su manejable tama\u00f1o, L\u00fcbeck cuenta con una variada y amplia oferta cultural, como las noches de los museos y del teatro, el festival del cine n\u00f3rdico, las producciones en el escenario al aire libre, los cines, las lecturas, el d\u00eda del taller abierto, etc&#8230;.<\/span>[\/vc_column_text]\t\t<\/div>\n\t<\/div>\n<\/div><\/div>[\/vc_column][vc_column offset=&#8221;vc_col-lg-offset-0 vc_col-lg-5 vc_col-md-offset-0 vc_col-md-10 vc_col-sm-offset-0 vc_col-xs-12&#8243;]<div class=\"qodef-elements-holder   qodef-one-column  qodef-responsive-mode-768 \" ><div class=\"qodef-eh-item    \"  data-item-class=\"qodef-eh-custom-4143\" data-1367-1600=\"125px 0px 0 104px\" data-1025-1366=\"125px 0px 0 23px\" data-769-1024=\"0px 0px 170px 0px\" data-681-768=\"0px 0px 170px 0px\" data-680=\"0px 0px 170px 0px\">\n\t<div class=\"qodef-eh-item-inner\">\n\t\t<div class=\"qodef-eh-item-content qodef-eh-custom-4143\" style=\"padding: 25px 0px 0 40px\">\n\t\t\t[vc_single_image image=&#8221;32255&#8243; img_size=&#8221;full&#8221;]\t\t<\/div>\n\t<\/div>\n<\/div><\/div>[\/vc_column][\/vc_row][vc_row css=&#8221;.vc_custom_1540812231889{padding-top: 10px !important;padding-right: 30px !important;padding-bottom: 100px !important;padding-left: 30px !important;}&#8221;][vc_column][vc_media_grid element_width=&#8221;3&#8243; grid_id=&#8221;vc_gid:1638355831084-6c1930a8-c896-5&#8243; include=&#8221;32949,32228,32220,32224&#8243;][\/vc_column][\/vc_row][vc_row content_placement=&#8221;top&#8221; row_content_width=&#8221;grid&#8221;][vc_column offset=&#8221;vc_col-lg-offset-0 vc_col-lg-7 vc_col-md-offset-0 vc_col-md-10 vc_col-sm-offset-0&#8243;]<div class=\"qodef-elements-holder   qodef-one-column  qodef-responsive-mode-768 \" ><div class=\"qodef-eh-item    \"  data-item-class=\"qodef-eh-custom-5524\" data-1367-1600=\"155px 0px 170px\" data-1025-1366=\"155px 0px 170px\" data-769-1024=\"155px 0px 80px\" data-681-768=\"155px 0px 80px\" data-680=\"161px 0px 80px\">\n\t<div class=\"qodef-eh-item-inner\">\n\t\t<div class=\"qodef-eh-item-content qodef-eh-custom-5524\" style=\"padding: 15px 0 70px 0\">\n\t\t\t[vc_column_text]<span style=\"font-family: 'Arial',sans-serif; color: #333333;\">La ciudad tambi\u00e9n se hizo famosa por la novela del siglo de Thomas Mann &#8220;Buddenbrooks&#8221;, que est\u00e1 situada en L\u00fcbeck y le hizo ganar al autor el Premio Nobel de Literatura en 1921, y sobre todo por su exitosa producci\u00f3n de mazap\u00e1n. La empresa de producci\u00f3n m\u00e1s conocida, &#8220;Niederegger&#8221;, se fund\u00f3 ya en 1806 y sigue siendo una empresa familiar.<\/span><\/p>\n<p><span style=\"font-family: 'Arial',sans-serif; color: #333333;\">Ellos comercializan su producto en una casa hist\u00f3rica en el centro de la ciudad, que adem\u00e1s alberga un museo del mazap\u00e1n y una cafeter\u00eda, que se ha convertido desde hace tiempo en un lugar tur\u00edstico muy popular. Ah\u00ed se puede disfrutar de la especial calidad del mazap\u00e1n fino exportado a nivel mundial en un ambiente muy especial.<\/span><\/p>\n<p><span style=\"font-family: 'Arial',sans-serif; color: #333333;\">En la propia cafeter\u00eda con f\u00e1brica de mazap\u00e1n y el museo del mazap\u00e1n adyacente, que se ha convertido desde hace tiempo en un lugar tur\u00edstico muy popular, se puede disfrutar de la especial calidad del mazap\u00e1n fino exportado a nivel mundial en un ambiente muy especial.<\/span><\/p>\n<p><span style=\"font-family: 'Arial',sans-serif; color: #333333;\">El barrrio de Travem\u00fcnde est\u00e1 a unos 20 kil\u00f3metros del centro de la ciudad. El balneario del B\u00e1ltico se caracteriza por la arquitectura de balneario de principios de siglo e invita a relajarse con su gran paseo mar\u00edtimo, la playa, el mar y el ambiente mar\u00edtimo. Desde aqu\u00ed parten ferris a Suecia, Finlandia, Lituania y Letonia.<\/span><\/p>\n<p><span style=\"font-family: 'Arial',sans-serif; color: #333333;\">Cerca, en la bah\u00eda de L\u00fcbeck, se encuentra tambi\u00e9n el parque de atracciones &#8220;Hansapark&#8221;, que ocupa m\u00e1s de 400.000 m<sup>2<\/sup> y ofrece a sus visitantes mucha diversi\u00f3n y acci\u00f3n con m\u00e1s de 125 atracciones.<\/span>[\/vc_column_text]\t\t<\/div>\n\t<\/div>\n<\/div><\/div>[\/vc_column][vc_column offset=&#8221;vc_col-lg-offset-0 vc_col-lg-5 vc_col-md-offset-0 vc_col-md-10 vc_col-sm-offset-0 vc_col-xs-12&#8243;]<div class=\"qodef-elements-holder   qodef-one-column  qodef-responsive-mode-768 \" ><div class=\"qodef-eh-item    \"  data-item-class=\"qodef-eh-custom-6248\" data-1367-1600=\"125px 0px 0 104px\" data-1025-1366=\"125px 0px 0 23px\" data-769-1024=\"0px 0px 170px 0px\" data-681-768=\"0px 0px 170px 0px\" data-680=\"0px 0px 170px 0px\">\n\t<div class=\"qodef-eh-item-inner\">\n\t\t<div class=\"qodef-eh-item-content qodef-eh-custom-6248\" style=\"padding: 0px 0px 0 90px\">\n\t\t\t[vc_single_image image=&#8221;40140&#8243; img_size=&#8221;full&#8221;]\t\t<\/div>\n\t<\/div>\n<\/div><\/div>[\/vc_column][\/vc_row][vc_row css=&#8221;.vc_custom_1540812231889{padding-top: 10px !important;padding-right: 30px !important;padding-bottom: 100px !important;padding-left: 30px !important;}&#8221;][vc_column][vc_media_grid element_width=&#8221;3&#8243; grid_id=&#8221;vc_gid:1638355831086-7c5cd911-59ad-9&#8243; include=&#8221;32222,32220,40118,40134&#8243;][\/vc_column][\/vc_row]<\/p>\n","protected":false},"excerpt":{"rendered":"<p>[vc_row][vc_column][vc_column_text][\/vc_column_text][\/vc_column][\/vc_row][vc_row content_placement=&#8221;top&#8221; row_content_width=&#8221;grid&#8221;][vc_column offset=&#8221;vc_col-lg-offset-0 vc_col-lg-7 vc_col-md-offset-0 vc_col-md-10 vc_col-sm-offset-0&#8243;][\/vc_column][vc_column offset=&#8221;vc_col-lg-offset-0 vc_col-lg-5 vc_col-md-offset-0 vc_col-md-10 vc_col-sm-offset-0 vc_col-xs-12&#8243;][\/vc_column][\/vc_row][vc_row css=&#8221;.vc_custom_1540812231889{padding-top: 10px !important;padding-right: 30px !important;padding-bottom: 100px !important;padding-left: 30px !important;}&#8221;][vc_column][vc_media_grid element_width=&#8221;3&#8243; grid_id=&#8221;vc_gid:1638355831084-6c1930a8-c896-5&#8243; include=&#8221;32949,32228,32220,32224&#8243;][\/vc_column][\/vc_row][vc_row content_placement=&#8221;top&#8221; row_content_width=&#8221;grid&#8221;][vc_column offset=&#8221;vc_col-lg-offset-0 vc_col-lg-7 vc_col-md-offset-0 vc_col-md-10 vc_col-sm-offset-0&#8243;][\/vc_column][vc_column offset=&#8221;vc_col-lg-offset-0 vc_col-lg-5 vc_col-md-offset-0 vc_col-md-10 vc_col-sm-offset-0 vc_col-xs-12&#8243;][\/vc_column][\/vc_row][vc_row css=&#8221;.vc_custom_1540812231889{padding-top: [&hellip;]<\/p>\n","protected":false},"author":1,"featured_media":0,"parent":0,"menu_order":0,"comment_status":"closed","ping_status":"closed","template":"","meta":{"ngg_post_thumbnail":0,"footnotes":""},"yoast_head":"<!-- This site is optimized with the Yoast SEO plugin v21.5 - https:\/\/yoast.com\/wordpress\/plugins\/seo\/ -->\n<title>L\u00fcbeck, Schleswig-Holstein - menura tours<\/title>\n<meta name=\"robots\" content=\"index, follow, max-snippet:-1, max-image-preview:large, max-video-preview:-1\" \/>\n<link rel=\"canonical\" href=\"https:\/\/www.menura-tours.com\/mx\/luebeck\/\" \/>\n<meta property=\"og:locale\" content=\"es_MX\" \/>\n<meta property=\"og:type\" content=\"article\" \/>\n<meta property=\"og:title\" content=\"L\u00fcbeck, Schleswig-Holstein - menura tours\" \/>\n<meta property=\"og:description\" content=\"[vc_row][vc_column][vc_column_text][\/vc_column_text][\/vc_column][\/vc_row][vc_row content_placement=&#8221;top&#8221; row_content_width=&#8221;grid&#8221;][vc_column offset=&#8221;vc_col-lg-offset-0 vc_col-lg-7 vc_col-md-offset-0 vc_col-md-10 vc_col-sm-offset-0&#8243;][\/vc_column][vc_column offset=&#8221;vc_col-lg-offset-0 vc_col-lg-5 vc_col-md-offset-0 vc_col-md-10 vc_col-sm-offset-0 vc_col-xs-12&#8243;][\/vc_column][\/vc_row][vc_row css=&#8221;.vc_custom_1540812231889{padding-top: 10px !important;padding-right: 30px !important;padding-bottom: 100px !important;padding-left: 30px !important;}&#8221;][vc_column][vc_media_grid element_width=&#8221;3&#8243; grid_id=&#8221;vc_gid:1638355831084-6c1930a8-c896-5&#8243; include=&#8221;32949,32228,32220,32224&#8243;][\/vc_column][\/vc_row][vc_row content_placement=&#8221;top&#8221; row_content_width=&#8221;grid&#8221;][vc_column offset=&#8221;vc_col-lg-offset-0 vc_col-lg-7 vc_col-md-offset-0 vc_col-md-10 vc_col-sm-offset-0&#8243;][\/vc_column][vc_column offset=&#8221;vc_col-lg-offset-0 vc_col-lg-5 vc_col-md-offset-0 vc_col-md-10 vc_col-sm-offset-0 vc_col-xs-12&#8243;][\/vc_column][\/vc_row][vc_row css=&#8221;.vc_custom_1540812231889{padding-top: [&hellip;]\" \/>\n<meta property=\"og:url\" content=\"https:\/\/www.menura-tours.com\/mx\/luebeck\/\" \/>\n<meta property=\"og:site_name\" content=\"menura tours\" \/>\n<meta property=\"article:modified_time\" content=\"2021-12-01T12:05:35+00:00\" \/>\n<meta name=\"twitter:card\" content=\"summary_large_image\" \/>\n<meta name=\"twitter:label1\" content=\"Tiempo de lectura\" \/>\n\t<meta name=\"twitter:data1\" content=\"5 minutos\" \/>\n<script type=\"application\/ld+json\" class=\"yoast-schema-graph\">{\"@context\":\"https:\/\/schema.org\",\"@graph\":[{\"@type\":\"WebPage\",\"@id\":\"https:\/\/www.menura-tours.com\/mx\/luebeck\/\",\"url\":\"https:\/\/www.menura-tours.com\/mx\/luebeck\/\",\"name\":\"L\u00fcbeck, Schleswig-Holstein - menura tours\",\"isPartOf\":{\"@id\":\"https:\/\/www.menura-tours.com\/mx\/#website\"},\"datePublished\":\"2021-10-27T10:40:05+00:00\",\"dateModified\":\"2021-12-01T12:05:35+00:00\",\"breadcrumb\":{\"@id\":\"https:\/\/www.menura-tours.com\/mx\/luebeck\/#breadcrumb\"},\"inLanguage\":\"es-MX\",\"potentialAction\":[{\"@type\":\"ReadAction\",\"target\":[\"https:\/\/www.menura-tours.com\/mx\/luebeck\/\"]}]},{\"@type\":\"BreadcrumbList\",\"@id\":\"https:\/\/www.menura-tours.com\/mx\/luebeck\/#breadcrumb\",\"itemListElement\":[{\"@type\":\"ListItem\",\"position\":1,\"name\":\"Startseite\",\"item\":\"https:\/\/www.menura-tours.com\/mx\/inicio\/\"},{\"@type\":\"ListItem\",\"position\":2,\"name\":\"L\u00fcbeck, Schleswig-Holstein\"}]},{\"@type\":\"WebSite\",\"@id\":\"https:\/\/www.menura-tours.com\/mx\/#website\",\"url\":\"https:\/\/www.menura-tours.com\/mx\/\",\"name\":\"menura tours\",\"description\":\"Sprachreisen nach Deutschland\",\"potentialAction\":[{\"@type\":\"SearchAction\",\"target\":{\"@type\":\"EntryPoint\",\"urlTemplate\":\"https:\/\/www.menura-tours.com\/mx\/?s={search_term_string}\"},\"query-input\":\"required name=search_term_string\"}],\"inLanguage\":\"es-MX\"}]}<\/script>\n<!-- \/ Yoast SEO plugin. -->","yoast_head_json":{"title":"L\u00fcbeck, Schleswig-Holstein - menura tours","robots":{"index":"index","follow":"follow","max-snippet":"max-snippet:-1","max-image-preview":"max-image-preview:large","max-video-preview":"max-video-preview:-1"},"canonical":"https:\/\/www.menura-tours.com\/mx\/luebeck\/","og_locale":"es_MX","og_type":"article","og_title":"L\u00fcbeck, Schleswig-Holstein - menura tours","og_description":"[vc_row][vc_column][vc_column_text][\/vc_column_text][\/vc_column][\/vc_row][vc_row content_placement=&#8221;top&#8221; row_content_width=&#8221;grid&#8221;][vc_column offset=&#8221;vc_col-lg-offset-0 vc_col-lg-7 vc_col-md-offset-0 vc_col-md-10 vc_col-sm-offset-0&#8243;][\/vc_column][vc_column offset=&#8221;vc_col-lg-offset-0 vc_col-lg-5 vc_col-md-offset-0 vc_col-md-10 vc_col-sm-offset-0 vc_col-xs-12&#8243;][\/vc_column][\/vc_row][vc_row css=&#8221;.vc_custom_1540812231889{padding-top: 10px !important;padding-right: 30px !important;padding-bottom: 100px !important;padding-left: 30px !important;}&#8221;][vc_column][vc_media_grid element_width=&#8221;3&#8243; grid_id=&#8221;vc_gid:1638355831084-6c1930a8-c896-5&#8243; include=&#8221;32949,32228,32220,32224&#8243;][\/vc_column][\/vc_row][vc_row content_placement=&#8221;top&#8221; row_content_width=&#8221;grid&#8221;][vc_column offset=&#8221;vc_col-lg-offset-0 vc_col-lg-7 vc_col-md-offset-0 vc_col-md-10 vc_col-sm-offset-0&#8243;][\/vc_column][vc_column offset=&#8221;vc_col-lg-offset-0 vc_col-lg-5 vc_col-md-offset-0 vc_col-md-10 vc_col-sm-offset-0 vc_col-xs-12&#8243;][\/vc_column][\/vc_row][vc_row css=&#8221;.vc_custom_1540812231889{padding-top: [&hellip;]","og_url":"https:\/\/www.menura-tours.com\/mx\/luebeck\/","og_site_name":"menura tours","article_modified_time":"2021-12-01T12:05:35+00:00","twitter_card":"summary_large_image","twitter_misc":{"Tiempo de lectura":"5 minutos"},"schema":{"@context":"https:\/\/schema.org","@graph":[{"@type":"WebPage","@id":"https:\/\/www.menura-tours.com\/mx\/luebeck\/","url":"https:\/\/www.menura-tours.com\/mx\/luebeck\/","name":"L\u00fcbeck, Schleswig-Holstein - menura tours","isPartOf":{"@id":"https:\/\/www.menura-tours.com\/mx\/#website"},"datePublished":"2021-10-27T10:40:05+00:00","dateModified":"2021-12-01T12:05:35+00:00","breadcrumb":{"@id":"https:\/\/www.menura-tours.com\/mx\/luebeck\/#breadcrumb"},"inLanguage":"es-MX","potentialAction":[{"@type":"ReadAction","target":["https:\/\/www.menura-tours.com\/mx\/luebeck\/"]}]},{"@type":"BreadcrumbList","@id":"https:\/\/www.menura-tours.com\/mx\/luebeck\/#breadcrumb","itemListElement":[{"@type":"ListItem","position":1,"name":"Startseite","item":"https:\/\/www.menura-tours.com\/mx\/inicio\/"},{"@type":"ListItem","position":2,"name":"L\u00fcbeck, Schleswig-Holstein"}]},{"@type":"WebSite","@id":"https:\/\/www.menura-tours.com\/mx\/#website","url":"https:\/\/www.menura-tours.com\/mx\/","name":"menura tours","description":"Sprachreisen nach Deutschland","potentialAction":[{"@type":"SearchAction","target":{"@type":"EntryPoint","urlTemplate":"https:\/\/www.menura-tours.com\/mx\/?s={search_term_string}"},"query-input":"required name=search_term_string"}],"inLanguage":"es-MX"}]}},"_links":{"self":[{"href":"https:\/\/www.menura-tours.com\/mx\/wp-json\/wp\/v2\/pages\/40133"}],"collection":[{"href":"https:\/\/www.menura-tours.com\/mx\/wp-json\/wp\/v2\/pages"}],"about":[{"href":"https:\/\/www.menura-tours.com\/mx\/wp-json\/wp\/v2\/types\/page"}],"author":[{"embeddable":true,"href":"https:\/\/www.menura-tours.com\/mx\/wp-json\/wp\/v2\/users\/1"}],"replies":[{"embeddable":true,"href":"https:\/\/www.menura-tours.com\/mx\/wp-json\/wp\/v2\/comments?post=40133"}],"version-history":[{"count":0,"href":"https:\/\/www.menura-tours.com\/mx\/wp-json\/wp\/v2\/pages\/40133\/revisions"}],"wp:attachment":[{"href":"https:\/\/www.menura-tours.com\/mx\/wp-json\/wp\/v2\/media?parent=40133"}],"curies":[{"name":"wp","href":"https:\/\/api.w.org\/{rel}","templated":true}]}}