{"id":40065,"date":"2021-10-15T12:18:11","date_gmt":"2021-10-15T12:18:11","guid":{"rendered":"https:\/\/www.menura-tours.com\/porque-ir-al-extranjero\/"},"modified":"2022-02-28T12:30:54","modified_gmt":"2022-02-28T12:30:54","slug":"warum-ins-ausland","status":"publish","type":"page","link":"https:\/\/www.menura-tours.com\/de\/warum-ins-ausland\/","title":{"rendered":"Warum ins Ausland?"},"content":{"rendered":"<p>[vc_row content_placement=&#8220;top&#8220; row_content_width=&#8220;grid&#8220;][vc_column offset=&#8220;vc_col-lg-offset-0 vc_col-lg-7 vc_col-md-offset-0 vc_col-md-10 vc_col-sm-offset-0&#8243;]<div class=\"qodef-elements-holder   qodef-one-column  qodef-responsive-mode-768 \" ><div class=\"qodef-eh-item    \"  data-item-class=\"qodef-eh-custom-6736\" data-1367-1600=\"155px 0px 170px\" data-1025-1366=\"155px 0px 170px\" data-769-1024=\"155px 0px 80px\" data-681-768=\"155px 0px 80px\" data-680=\"161px 0px 80px\">\n\t<div class=\"qodef-eh-item-inner\">\n\t\t<div class=\"qodef-eh-item-content qodef-eh-custom-6736\" style=\"padding: 0px 0 170px 0\">\n\t\t\t[vc_column_text]\n<span class=\"qodef-highlight\" style=\"color: #3fd0d4\">\n\tDie beste M\u00f6glichkeit eine Sprache zu lernen, ist sie jeden Tag zu h\u00f6ren, zu lesen und zu sprechen.<\/span> In deiner Gastfamilie, in der Schule oder Sprachschule, bei Freizeitaktivit\u00e4ten, in deinem Praktikum oder Freiwilligendienst wirst du vom ersten Tag an nur auf Deutsch kommunizieren und deine Sprachf\u00e4higkeiten in einem rasanten Tempo weiter entwickeln. Unglaublich aber wahr: Viele unserer Kunden tr\u00e4umen am Ende ihrer Reise sogar auf Deutsch.<\/p>\n<p>Eine Zeit im Ausland ist ein Plus in deinem Lebenslauf und \n<span class=\"qodef-highlight\" style=\"color: #3fd0d4\">\n\terh\u00f6ht deine Erfolgschancen bei der Suche nach einem Ausbildungs- oder Studienplatz oder einem neuen Job.<\/span> Sie ist von Arbeitgebern gerne gesehen, weil sie dich von den anderen Bewerbern abhebt und ein Garant f\u00fcr deine guten Sprachkenntnisse und deine pers\u00f6nliche Reife ist.<\/p>\n<p>W\u00e4hrend deines Auslandsaufenthaltes wirst du \u00fcber deinen Tellerrand blicken und erfahren wie unterschiedlich Menschen denken und leben. Es ist dabei nicht immer einfach, sich an fremde Regeln und Gewohnheiten anzupassen und es m\u00fcssen auch mal H\u00fcrden genommen werden, aber mit jedem gemeisterten Schritt wirst du an \n<span class=\"qodef-highlight\" style=\"color: #3fd0d4\">\n\tSelbstbewusstsein gewin-nen, dich pers\u00f6nlich weiterentwickeln und deine interkulturellen Kompetenzen st\u00e4rken.<\/span> Infolge dessen wirst du auch deine eigene&nbsp;Kultur bald aus einem v\u00f6llig neuen Blickwinkel betrachten.<\/p>\n<p>\n<span class=\"qodef-highlight\" style=\"color: #3fd0d4\">\n\tEin Auslandsaufenthalt macht erfahrbar, wie Sprachen Welten er\u00f6ffnen, zu denen man zuvor keinen Zugang hatte.<\/span> Sprachkenntnisse machen Begegnungen und das gegenseitig Kennenlernen erst m\u00f6glich. Du wirst erstaunt sein, wie leicht neue Freundschaften schlie\u00dfen wirst und wie schnell deine Gastfamilie zu einem neuen zu Hause f\u00fcr dich werden wird. Nicht selten begleiten dich deinen neuen Bezugspersonen noch viele Jahre nach deiner Reise, vielleicht sogar ein Leben lang.<\/p>\n<p>\n<span class=\"qodef-highlight\" style=\"color: #3fd0d4\">\n\tEin Auslandsaufenthalt bedeutet auch Zeit f\u00fcr dich zu haben<\/span>, die M\u00f6glichkeit, deinen individuellen Interessen zu folgen und deine Neugierde zu befriedigen. Nutze das Jahr um neue Hobbies auszuprobieren, gewohnte Wege zu verlassen und dich selbst neu zu entdecken.<\/p>\n<p>&nbsp;<\/p>\n<p><img loading=\"lazy\" decoding=\"async\" class=\"size-full wp-image-43140\" src=\"https:\/\/www.menura-tours.com\/wp-content\/uploads\/zaragoza-AdobeStock_232962157-scaled.jpeg\" alt=\"\" width=\"2048\" height=\"1366\" srcset=\"https:\/\/www.menura-tours.com\/wp-content\/uploads\/zaragoza-AdobeStock_232962157-scaled.jpeg 2048w, https:\/\/www.menura-tours.com\/wp-content\/uploads\/zaragoza-AdobeStock_232962157-300x200.jpeg 300w, https:\/\/www.menura-tours.com\/wp-content\/uploads\/zaragoza-AdobeStock_232962157-1024x683.jpeg 1024w, https:\/\/www.menura-tours.com\/wp-content\/uploads\/zaragoza-AdobeStock_232962157-768x512.jpeg 768w, https:\/\/www.menura-tours.com\/wp-content\/uploads\/zaragoza-AdobeStock_232962157-1536x1024.jpeg 1536w\" sizes=\"(max-width: 2048px) 100vw, 2048px\" \/>[\/vc_column_text]\t\t<\/div>\n\t<\/div>\n<\/div><\/div>[\/vc_column][vc_column offset=&#8220;vc_col-lg-offset-0 vc_col-lg-5 vc_col-md-offset-0 vc_col-md-10 vc_col-sm-offset-0 vc_col-xs-12&#8243;]<div class=\"qodef-elements-holder   qodef-one-column  qodef-responsive-mode-768 \" ><div class=\"qodef-eh-item    \"  data-item-class=\"qodef-eh-custom-6809\" data-1367-1600=\"125px 0px 0 104px\" data-1025-1366=\"125px 0px 0 23px\" data-769-1024=\"0px 0px 170px 0px\" data-681-768=\"0px 0px 170px 0px\" data-680=\"0px 0px 170px 0px\">\n\t<div class=\"qodef-eh-item-inner\">\n\t\t<div class=\"qodef-eh-item-content qodef-eh-custom-6809\" style=\"padding: 15px 0px 0 40px\">\n\t\t\t\t\t<\/div>\n\t<\/div>\n<\/div><\/div>[\/vc_column][\/vc_row]<\/p>\n","protected":false},"excerpt":{"rendered":"<p>[vc_row content_placement=&#8220;top&#8220; row_content_width=&#8220;grid&#8220;][vc_column offset=&#8220;vc_col-lg-offset-0 vc_col-lg-7 vc_col-md-offset-0 vc_col-md-10 vc_col-sm-offset-0&#8243;][\/vc_column][vc_column offset=&#8220;vc_col-lg-offset-0 vc_col-lg-5 vc_col-md-offset-0 vc_col-md-10 vc_col-sm-offset-0 vc_col-xs-12&#8243;][\/vc_column][\/vc_row]<\/p>\n","protected":false},"author":1,"featured_media":11292,"parent":0,"menu_order":0,"comment_status":"closed","ping_status":"closed","template":"","meta":{"ngg_post_thumbnail":0,"footnotes":""},"yoast_head":"<!-- This site is optimized with the Yoast SEO plugin v21.5 - https:\/\/yoast.com\/wordpress\/plugins\/seo\/ -->\n<title>Warum ins Ausland? - menura tours<\/title>\n<meta name=\"robots\" content=\"index, follow, max-snippet:-1, max-image-preview:large, max-video-preview:-1\" \/>\n<link rel=\"canonical\" href=\"https:\/\/www.menura-tours.com\/de\/warum-ins-ausland\/\" \/>\n<meta property=\"og:locale\" content=\"de_DE\" \/>\n<meta property=\"og:type\" content=\"article\" \/>\n<meta property=\"og:title\" content=\"Warum ins Ausland? - menura tours\" \/>\n<meta property=\"og:description\" content=\"[vc_row content_placement=&#8220;top&#8220; row_content_width=&#8220;grid&#8220;][vc_column offset=&#8220;vc_col-lg-offset-0 vc_col-lg-7 vc_col-md-offset-0 vc_col-md-10 vc_col-sm-offset-0&#8243;][\/vc_column][vc_column offset=&#8220;vc_col-lg-offset-0 vc_col-lg-5 vc_col-md-offset-0 vc_col-md-10 vc_col-sm-offset-0 vc_col-xs-12&#8243;][\/vc_column][\/vc_row]\" \/>\n<meta property=\"og:url\" content=\"https:\/\/www.menura-tours.com\/de\/warum-ins-ausland\/\" \/>\n<meta property=\"og:site_name\" content=\"menura tours\" \/>\n<meta property=\"article:modified_time\" content=\"2022-02-28T12:30:54+00:00\" \/>\n<meta property=\"og:image\" content=\"https:\/\/www.menura-tours.com\/wp-content\/uploads\/motivos-dunkel.png\" \/>\n\t<meta property=\"og:image:width\" content=\"420\" \/>\n\t<meta property=\"og:image:height\" content=\"420\" \/>\n\t<meta property=\"og:image:type\" content=\"image\/png\" \/>\n<meta name=\"twitter:card\" content=\"summary_large_image\" \/>\n<meta name=\"twitter:label1\" content=\"Gesch\u00e4tzte Lesezeit\" \/>\n\t<meta name=\"twitter:data1\" content=\"3\u00a0Minuten\" \/>\n<script type=\"application\/ld+json\" class=\"yoast-schema-graph\">{\"@context\":\"https:\/\/schema.org\",\"@graph\":[{\"@type\":\"WebPage\",\"@id\":\"https:\/\/www.menura-tours.com\/de\/warum-ins-ausland\/\",\"url\":\"https:\/\/www.menura-tours.com\/de\/warum-ins-ausland\/\",\"name\":\"Warum ins Ausland? - menura tours\",\"isPartOf\":{\"@id\":\"https:\/\/www.menura-tours.com\/de\/#website\"},\"datePublished\":\"2021-10-15T12:18:11+00:00\",\"dateModified\":\"2022-02-28T12:30:54+00:00\",\"breadcrumb\":{\"@id\":\"https:\/\/www.menura-tours.com\/de\/warum-ins-ausland\/#breadcrumb\"},\"inLanguage\":\"de\",\"potentialAction\":[{\"@type\":\"ReadAction\",\"target\":[\"https:\/\/www.menura-tours.com\/de\/warum-ins-ausland\/\"]}]},{\"@type\":\"BreadcrumbList\",\"@id\":\"https:\/\/www.menura-tours.com\/de\/warum-ins-ausland\/#breadcrumb\",\"itemListElement\":[{\"@type\":\"ListItem\",\"position\":1,\"name\":\"Startseite\",\"item\":\"https:\/\/www.menura-tours.com\/de\/\"},{\"@type\":\"ListItem\",\"position\":2,\"name\":\"Warum ins Ausland?\"}]},{\"@type\":\"WebSite\",\"@id\":\"https:\/\/www.menura-tours.com\/de\/#website\",\"url\":\"https:\/\/www.menura-tours.com\/de\/\",\"name\":\"menura tours\",\"description\":\"Sprachreisen nach Deutschland\",\"potentialAction\":[{\"@type\":\"SearchAction\",\"target\":{\"@type\":\"EntryPoint\",\"urlTemplate\":\"https:\/\/www.menura-tours.com\/de\/?s={search_term_string}\"},\"query-input\":\"required name=search_term_string\"}],\"inLanguage\":\"de\"}]}<\/script>\n<!-- \/ Yoast SEO plugin. -->","yoast_head_json":{"title":"Warum ins Ausland? - menura tours","robots":{"index":"index","follow":"follow","max-snippet":"max-snippet:-1","max-image-preview":"max-image-preview:large","max-video-preview":"max-video-preview:-1"},"canonical":"https:\/\/www.menura-tours.com\/de\/warum-ins-ausland\/","og_locale":"de_DE","og_type":"article","og_title":"Warum ins Ausland? - menura tours","og_description":"[vc_row content_placement=&#8220;top&#8220; row_content_width=&#8220;grid&#8220;][vc_column offset=&#8220;vc_col-lg-offset-0 vc_col-lg-7 vc_col-md-offset-0 vc_col-md-10 vc_col-sm-offset-0&#8243;][\/vc_column][vc_column offset=&#8220;vc_col-lg-offset-0 vc_col-lg-5 vc_col-md-offset-0 vc_col-md-10 vc_col-sm-offset-0 vc_col-xs-12&#8243;][\/vc_column][\/vc_row]","og_url":"https:\/\/www.menura-tours.com\/de\/warum-ins-ausland\/","og_site_name":"menura tours","article_modified_time":"2022-02-28T12:30:54+00:00","og_image":[{"width":420,"height":420,"url":"https:\/\/www.menura-tours.com\/wp-content\/uploads\/motivos-dunkel.png","type":"image\/png"}],"twitter_card":"summary_large_image","twitter_misc":{"Gesch\u00e4tzte Lesezeit":"3\u00a0Minuten"},"schema":{"@context":"https:\/\/schema.org","@graph":[{"@type":"WebPage","@id":"https:\/\/www.menura-tours.com\/de\/warum-ins-ausland\/","url":"https:\/\/www.menura-tours.com\/de\/warum-ins-ausland\/","name":"Warum ins Ausland? - menura tours","isPartOf":{"@id":"https:\/\/www.menura-tours.com\/de\/#website"},"datePublished":"2021-10-15T12:18:11+00:00","dateModified":"2022-02-28T12:30:54+00:00","breadcrumb":{"@id":"https:\/\/www.menura-tours.com\/de\/warum-ins-ausland\/#breadcrumb"},"inLanguage":"de","potentialAction":[{"@type":"ReadAction","target":["https:\/\/www.menura-tours.com\/de\/warum-ins-ausland\/"]}]},{"@type":"BreadcrumbList","@id":"https:\/\/www.menura-tours.com\/de\/warum-ins-ausland\/#breadcrumb","itemListElement":[{"@type":"ListItem","position":1,"name":"Startseite","item":"https:\/\/www.menura-tours.com\/de\/"},{"@type":"ListItem","position":2,"name":"Warum ins Ausland?"}]},{"@type":"WebSite","@id":"https:\/\/www.menura-tours.com\/de\/#website","url":"https:\/\/www.menura-tours.com\/de\/","name":"menura tours","description":"Sprachreisen nach Deutschland","potentialAction":[{"@type":"SearchAction","target":{"@type":"EntryPoint","urlTemplate":"https:\/\/www.menura-tours.com\/de\/?s={search_term_string}"},"query-input":"required name=search_term_string"}],"inLanguage":"de"}]}},"_links":{"self":[{"href":"https:\/\/www.menura-tours.com\/de\/wp-json\/wp\/v2\/pages\/40065"}],"collection":[{"href":"https:\/\/www.menura-tours.com\/de\/wp-json\/wp\/v2\/pages"}],"about":[{"href":"https:\/\/www.menura-tours.com\/de\/wp-json\/wp\/v2\/types\/page"}],"author":[{"embeddable":true,"href":"https:\/\/www.menura-tours.com\/de\/wp-json\/wp\/v2\/users\/1"}],"replies":[{"embeddable":true,"href":"https:\/\/www.menura-tours.com\/de\/wp-json\/wp\/v2\/comments?post=40065"}],"version-history":[{"count":0,"href":"https:\/\/www.menura-tours.com\/de\/wp-json\/wp\/v2\/pages\/40065\/revisions"}],"wp:featuredmedia":[{"embeddable":true,"href":"https:\/\/www.menura-tours.com\/de\/wp-json\/wp\/v2\/media\/11292"}],"wp:attachment":[{"href":"https:\/\/www.menura-tours.com\/de\/wp-json\/wp\/v2\/media?parent=40065"}],"curies":[{"name":"wp","href":"https:\/\/api.w.org\/{rel}","templated":true}]}}