{"id":169,"date":"2011-08-30T11:28:22","date_gmt":"2011-08-30T11:28:22","guid":{"rendered":"http:\/\/menura-tours.es\/?page_id=169"},"modified":"2021-11-05T13:37:20","modified_gmt":"2021-11-05T13:37:20","slug":"datenschutz","status":"publish","type":"page","link":"https:\/\/www.menura-tours.com\/de\/datenschutz\/","title":{"rendered":"Datenschutz"},"content":{"rendered":"<h3>1 Allgemeines<\/h3>\n<p>Der Schutz Ihrer Daten ist uns besonders wichtig. Daher m\u00f6chten wir Sie an dieser Stelle informieren, wie wir die \u00fcber Sie erhobenen Daten nutzen und sch\u00fctzen. Die Einhaltung der aktuellen EU-Datenschutz-Grundverordnung (&#8222;DSGVO&#8220;) ist dabei selbstverst\u00e4ndlich unsere Grundlage.<\/p>\n<p><strong>1.1 Was sind personenbezogene Daten<\/strong><br \/>Personenbezogene Daten sind Angaben, die die Identit\u00e4t des Nutzers offenlegen oder offenlegen k\u00f6nnen. Wir halten uns an den Grundsatz der Datenvermeidung. Es wird soweit wie m\u00f6glich auf die Erhebung von personenbezogenen Daten verzichtet.<\/p>\n<p><strong>1.2 Umgang mit personenbezogenen Daten<\/strong><br \/>Personenbezogene Daten dienen ausschlie\u00dflich der Vertragsbegr\u00fcndung, inhaltlichen Ausgestaltung, Durchf\u00fchrung oder Abwicklung des Vertragsverh\u00e4ltnisses (Art. 6 I S. 1 b DSGVO).&nbsp;Dar\u00fcber hinaus werden personenbezogene Daten nur verarbeitet, soweit wir hierzu Ihre Einwilligung erhalten haben (Art. 6 I S. 1 a DSGVO) bzw. es sich um Daten handelt, deren Verarbeitung f\u00fcr unsere berechtigten Interessen erforderlich ist und soweit die Abw\u00e4gung ergibt, dass keine \u00fcberwiegenden Interessen, Grundrechte oder Grundfreiheiten Ihrerseits entgegenstehen (Art. 6 I S. 1 f DSGVO).&nbsp;Wir k\u00f6nnen zur Verarbeitung Ihrer personenbezogenen Daten Auftragsverarbeiter verwenden, werden die personenbezogenen Daten dar\u00fcber hinaus aber grunds\u00e4tzlich nicht an Dritte weitergeben. Lediglich zur Vertragserf\u00fcllung werden die Daten an das mit der Ausf\u00fchrung der jeweiligen Dienstleistung beauftragte Unternehmen oder den betreffenden Kooperationspartner (zum Beispiel an die Sprachschule, Gastfamilie, Praktikumseinrichtung oder Fluggesellschaft etc\u2026) weitergegeben. Zur Abwicklung von Zahlungen werden die hierf\u00fcr erforderlichen Zahlungsdaten an das mit der Zahlung beauftragte Kreditinstitut und ggf. den beauftragten und gew\u00e4hlten Zahlungsdienstleister weitergegeben. Die Verarbeitung Ihrer personenbezogenen Daten erfolgt ausschlie\u00dflich innerhalb der EU, soweit nachfolgend nicht etwas Abweichendes dargelegt ist.<\/p>\n<p><strong>1.3 Nutzungsdaten<\/strong><br \/>Beim Besuch der Webseite werden allgemeine technische Informationen erhoben. Dies sind die verwendete IP-Adresse, Uhrzeit, Dauer des Besuchs, Browsertyp und ggf. die Herkunftsseite. Diese Nutzungsdaten werden technisch bedingt in einem Logfile registriert und k\u00f6nnen zum Zwecke der Statistikauswertung dieser Webseite benutzt und gespeichert werden. Eine Verkn\u00fcpfung dieser Nutzungsdaten mit Ihren weiteren personenbezogenen Daten findet nicht statt.<\/p>\n<p><strong>1.4 Dauer der Speicherung<\/strong><br \/>Wir speichern Ihre personenbezogenen Daten nach der Beendigung des Zwecks, f\u00fcr welchen die Daten erhoben wurden, nur solange, wie dies auf Grund der gesetzlichen (insbesondere steuerrechtlichen) Vorschriften erforderlich ist.&nbsp;<\/p>\n<h3 data-tadv-p=\"keep\">2 Ihre Rechte<\/h3>\n<p><strong>2.1 Recht auf Auskunft<\/strong><br \/>Sie k\u00f6nnen von uns eine Auskunft dar\u00fcber verlangen, ob wir personenbezogene Daten von Ihnen verarbeiten. Soweit dies der Fall ist, haben Sie ein Recht auf Auskunft \u00fcber diese personenbezogenen Daten und auf die in Art. 15 DSGVO genannten weiteren Informationen.<\/p>\n<p><strong>2.2 Recht auf Berichtigung<\/strong><br \/>Sie haben das Recht auf Berichtigung der Sie betreffenden unrichtigen personenbezogenen Daten und k\u00f6nnen gem\u00e4\u00df Art. 16 DSGVO die Vervollst\u00e4ndigung unvollst\u00e4ndiger personenbezogener Daten verlangen.<\/p>\n<p><strong>2.3 Recht auf L\u00f6schung<\/strong><br \/>Sie haben das Recht von uns zu verlangen, dass die Sie betreffenden personenbezogenen Daten unverz\u00fcglich gel\u00f6scht werden. Wir sind verpflichtet dem nachzukommen, insbesondere sofern einer der folgenden Gr\u00fcnde zutrifft:<br \/>\u25cf Ihre personenbezogenen Daten sind f\u00fcr die Zwecke, f\u00fcr die sie erhoben oder auf sonstige Weise verarbeitet wurden, nicht mehr notwendig.<br \/>\u25cf Sie widerrufen ihre Einwilligung, auf die sich die Verarbeitung Ihrer Daten st\u00fctzte und es fehlt an einer anderweitigen Rechtsgrundlage f\u00fcr die Verarbeitung.<br \/>\u25cf Ihre Daten wurden unrechtm\u00e4\u00dfig verarbeitet.<br \/>Das Recht auf L\u00f6schung besteht nicht, soweit Ihre personenbezogenen Daten zur Geltendmachung, Aus\u00fcbung oder Verteidigung unserer Rechtsanspr\u00fcche erforderlich sind.<\/p>\n<p><strong>2.4 Recht auf Einschr\u00e4nkung der Verarbeitung<\/strong><br \/>Sie haben das Recht von uns die Einschr\u00e4nkung der Verarbeitung Ihrer personenbezogenen Daten zu verlangen, wenn<br \/>\u25cf Sie die Richtigkeit der Daten bestreiten und wir daher die Richtigkeit \u00fcberpr\u00fcfen,<br \/>\u25cf die Verarbeitung unrechtm\u00e4\u00dfig ist und Sie die L\u00f6schung ablehnen und stattdessen die Einschr\u00e4nkung der Nutzung verlangen,<br \/>\u25cf wir die Daten nicht l\u00e4nger ben\u00f6tigen, Sie diese jedoch zur Geltendmachung, Aus\u00fcbung oder Verteidigung von Rechtsanspr\u00fcchen ben\u00f6tigen, <br \/>\u25cf Sie Widerspruch gegen die Verarbeitung Ihrer Daten eingelegt haben, und noch nicht feststeht, ob unsere berechtigten Gr\u00fcnde gegen\u00fcber Ihren Gr\u00fcnden \u00fcberwiegen.<\/p>\n<p><strong>2.5 Recht auf Daten\u00fcbertragbarkeit<\/strong><br \/>Sie haben das Recht die Sie betreffenden personenbezogenen Daten, die Sie uns bereitgestellt haben, in einem strukturierten, g\u00e4ngigen und maschinenlesbaren Format zu erhalten und Sie haben das Recht, diese Daten einem anderen Verantwortlichen ohne Behinderung durch uns zu \u00fcbermitteln, sofern die Verarbeitung auf einer Einwilligung oder einem Vertrag beruht und die Verarbeitung bei uns mithilfe automatisierter Verfahren erfolgt.<\/p>\n<p><strong>2.6 Widerrufsrecht<\/strong><br \/>Soweit die Verarbeitung Ihrer personenbezogenen Daten auf einer Einwilligung beruht, haben Sie das Recht diese Einwilligung jederzeit zu widerrufen.<\/p>\n<p><strong>2.7 Allgemeines und Beschwerderecht<\/strong><br \/>Die Aus\u00fcbung Ihrer vorstehenden Rechte ist f\u00fcr Sie grunds\u00e4tzlich kostenlos. Sie haben das Recht sich bei Beschwerden direkt an die f\u00fcr uns zust\u00e4ndige Aufsichtsbeh\u00f6rde, den Landesdatenschutzbeauftragen, zu wenden.&nbsp;<\/p>\n<h3 data-tadv-p=\"keep\">3. Datensicherheit<\/h3>\n<p>S\u00e4mtliche Daten auf unserer Website werden durch technische und organisatorische Ma\u00dfnahmen gegen Verlust, Zerst\u00f6rung, Zugriff, Ver\u00e4nderung und Verbreitung gesichert.<\/p>\n<p><strong>3.1 Sessions und Cookies<\/strong><br \/>Zur Bedienung des Internetauftritts k\u00f6nnen wir Cookies oder serverseitige Sessions einsetzen, in denen Daten gespeichert werden k\u00f6nnen. Cookies sind Dateien, die von einer Webseite auf Ihrer Festplatte abgelegt werden, um diesen Computer beim n\u00e4chsten Webseitenbesuch automatisch wieder zu erkennen und damit die Nutzung der Webseite an Sie anpassen zu k\u00f6nnen. Einige der verwendeten Cookies werden nach dem Ende der Browser-Sitzung wieder gel\u00f6scht. Dabei handelt es sich um sogenannte Sitzungs-Cookies. Andere Cookies verbleiben auf Ihrem Endger\u00e4t und erm\u00f6glichen die Wiedererkennung des Browsers bei einem sp\u00e4teren Besuch unserer Website (dauerhafte Cookies). Sie k\u00f6nnen Ihren Browser so einstellen, dass Sie \u00fcber das Setzen von Cookies informiert werden und einzeln \u00fcber deren Annahme entscheiden oder die Annahme von Cookies f\u00fcr bestimmte F\u00e4lle oder generell ausschlie\u00dfen. Bitte beachten Sie dabei, dass Sie m\u00f6glicherweise einige Funktionen dieser Website nicht nutzen k\u00f6nnen, wenn die Cookies deaktiviert sind. Wir stellen sicher, dass keine personenbezogenen Daten aus Sessions oder durch Cookies \u00fcbernommen werden und Cookies nur eingesetzt werden, sofern dies f\u00fcr die Website technisch erforderlich ist. Somit ergibt die Abw\u00e4gung, dass keine \u00fcberwiegenden Interessen Ihrerseits entgegenstehen (Art. 6 I S. 1 f DSGVO).<\/p>\n<h3 data-tadv-p=\"keep\">4&nbsp; Pr\u00e4senz auf Social Media Plattformen<\/h3>\n<p>Wir nutzen nachfolgende Social Media Plattformen zur Unternehmensdarstellung und Kommunikation.&nbsp;(Auf die nachfolgend verlinkten Datenschutzerkl\u00e4rungen und OptOut-M\u00f6glichkeiten wird ausdr\u00fccklich Bezug genommen).<\/p>\n<p>Facebook (Facebook Ireland Ltd., 4 Grand Canal Square, Grand Canal Harbour, Dublin 2, Irland)&nbsp;Datenschutzerkl\u00e4rung: <a href=\"https:\/\/www.facebook.com\/about\/privacy\/\">https:\/\/www.facebook.com\/about\/privacy\/<\/a> Opt-Out: <a href=\"https:\/\/www.facebook.com\/settings?tab=ads\">https:\/\/www.facebook.com\/settings?tab=ads<\/a>&nbsp; oder <a href=\"http:\/\/www.youronlinechoices.com\">http:\/\/www.youronlinechoices.com<\/a>.<\/p>\n<p>Diese Social-Media-Plattformen k\u00f6nnen ggf. personenbezogene Daten au\u00dferhalb der EU verarbeiten. Wir verweisen insoweit auf die vorstehenden Datenschutzerkl\u00e4rungen der Social Media Plattformen. Die jeweiligen Social-Media-Plattformen k\u00f6nnen ggf. aus Ihrem Nutzungsverhalten und den sich hieraus ergebenden Interessen und Aktionen Ihrerseits Nutzungsprofile erstellen und Cookies auf Ihrem Rechner speichern, in denen Ihr Nutzungsverhalten gespeichert ist. Wenn Sie auf der jeweiligen Social-Media-Plattform einen Account besitzen und eingeloggt sind, kann Ihr Nutzungsverhalten sogar ger\u00e4teunabh\u00e4ngig gespeichert werden. Ihr Nutzungsprofil kann verwendet werden, um z.B. Werbeanzeigen zu platzieren, die mutma\u00dflich Ihren Interessen entsprechen. Unter den oben angegebenen Opt-Out-Links k\u00f6nnen Sie weitm\u00f6glichst eine entsprechende Nachverfolgung verhindern.<\/p>\n<p>Wir von Menura Tours verarbeiten Ihre personenbezogenen Daten ausschlie\u00dflich zur Kommunikation mit Ihnen \u00fcber die von Ihnen gew\u00e4hlte Social-Media-Plattform sowie zur Optimierung unserer Onlinepr\u00e4senz und achten darauf, dass hier keine Interessen Ihrerseits betroffen sind, welche dieses berechtigte Interesse unsererseits \u00fcberwiegen (Art. 6 I S. 1 f DSGVO). Soweit Sie bereits dem jeweiligen Betreiber der Social-Media-Plattform eine wirksame Einwilligung zur entsprechenden Datenverarbeitung gegeben haben, erfolgt die Verarbeitung Ihrer personenbezogenen Daten auch auf Basis dieser Einwilligung (Art. 6 I S. 1 a DSGVO).<\/p>\n<h3 data-tadv-p=\"keep\">5. Dienste von Drittanbietern<\/h3>\n<p><strong>5.1 Social-Media-Links und Social-Sharing<\/strong><br \/>Wir haben bei den \u00fcber Links von dieser Website zu erreichenden Drittanbietern eigene Social-Media-Seiten. Durch die Nutzung der Links gelangen Sie auf die jeweiligen Internetseiten der Drittanbieter (z.B. Facebook, Twitter, Google+) und k\u00f6nnen unsere Inhalte auch teilen. Hierbei findet durch den Aufruf unserer Website kein Datentransfer statt. Wir empfehlen zur Vermeidung einer unn\u00f6tigen Datenweitergabe vor der Nutzung eines entsprechenden Links sich selbst bei dem jeweiligen Drittanbieter auszuloggen, damit nicht schon durch die Verwendung des Links unter Umst\u00e4nden Nutzungsprofile durch den Drittanbieter erstellt werden k\u00f6nnen.<\/p>\n<p><strong>5.2 Nutzung von Matomo<\/strong><br \/>Unsere Website nutzt den Webanalysedienst Matomo. Dieser verwendet sog. \u201cCookies\u201d, Textdateien, die auf Ihrem Computer gespeichert werden und die eine Analyse der Benutzung der Webseite durch Sie erm\u00f6glichen. Die durch den Cookie erzeugten Informationen \u00fcber Ihre Benutzung dieser Website werden (einschlie\u00dflich Ihrer gek\u00fcrzten IP-Adresse) an unseren Server \u00fcbertragen und zu Nutzungsanalysezwecken gespeichert, was der Webseitenoptimierung unsererseits dient. Ihre IP-Adresse wird bei diesem Vorgang umgehend anonymisiert, so dass Sie als Nutzer f\u00fcr uns anonym bleiben. Somit ergibt die Abw\u00e4gung, dass keine \u00fcberwiegenden Interessen Ihrerseits entgegenstehen (Art. 6 I S. 1 f DSGVO). Die durch den Cookie erzeugten Informationen \u00fcber Ihre Benutzung dieser Webseite werden nicht an Dritte weitergegeben. Sie k\u00f6nnen die Verwendung der Cookies durch eine entsprechende Einstellung Ihrer Browser Software verhindern, es kann jedoch sein, dass Sie in diesem Fall gegebenenfalls nicht s\u00e4mtliche Funktionen dieser Website voll umf\u00e4nglich nutzen k\u00f6nnen. Wenn Sie mit der Speicherung und Auswertung dieser Daten aus Ihrem Besuch nicht einverstanden sind, dann k\u00f6nnen Sie der Speicherung und Nutzung jederzeit widersprechen. In diesem Fall wird in Ihrem Browser ein sog. Opt-Out-Cookie abgelegt, was zur Folge hat, dass Matomo keinerlei Sitzungsdaten erhebt. Achtung: Wenn Sie Ihre Cookies l\u00f6schen, so hat dies zur Folge, dass auch das Opt-Out-Cookie gel\u00f6scht wird und ggf. von Ihnen erneut aktiviert werden muss. Hier finden Sie den Link zum Deaktivieren von Matomo:<br \/>\n<div class=\"BorlabsCookie _brlbs-cb-default\"><div class=\"_brlbs-content-blocker\"> <div class=\"_brlbs-default\"> <p>Klicken Sie auf den unteren Button, um den Inhalt von stat.shenkel.de zu laden.<\/p> <p><a class=\"_brlbs-btn\" href=\"#\" data-borlabs-cookie-unblock role=\"button\">Inhalt laden<\/a><\/p> <\/div> <\/div><div class=\"borlabs-hide\" data-borlabs-cookie-type=\"content-blocker\" data-borlabs-cookie-id=\"default\"><script type=\"text\/template\">PGlmcmFtZSBzdHlsZT0iYm9yZGVyOiAwOyBoZWlnaHQ6IDIwMHB4OyB3aWR0aDogNjAwcHg7IiBzcmM9Imh0dHBzOi8vc3RhdC5zaGVua2VsLmRlL2luZGV4LnBocD9tb2R1bGU9Q29yZUFkbWluSG9tZSZhbXA7YWN0aW9uPW9wdE91dCZhbXA7bGFuZ3VhZ2U9ZGUmYW1wO2JhY2tncm91bmRDb2xvcj0mYW1wO2ZvbnRDb2xvcj0mYW1wO2ZvbnRTaXplPSZhbXA7Zm9udEZhbWlseT0iPjwvaWZyYW1lPjwvcD4=<\/script><\/div><\/div>\n<\/p>\n<p><strong>5.3 Google Web Fonts<\/strong><br \/>Wir nutzen sogenannte Web Fonts von Google, um Ihnen eine einheitliche Schriftart auf unserer Website anzeigen zu k\u00f6nnen. Diese werden beim Aufruf einer unserer Seiten automatisch in Ihrem Browsercache gespeichert, um die gew\u00fcnschte Darstellung zu erm\u00f6glichen. Sollte Ihr Browser die genutzten Web Fonts nicht unterst\u00fctzen, wird ggf. eine Standartschrift Ihres Computers verwendet. Hier sind keine Interessen der Nutzer betroffen, welche diese technische Notwendigkeit \u00fcberwiegen (Art. 6 I S. 1 f DSGVO). Die Datenschutzerkl\u00e4rung von Google k\u00f6nnen Sie hier einsehen: https:\/\/www.google.com\/policies\/privacy\/. Weitere Informationen zu Google Web Fonts finden Sie unter https:\/\/developers.google.com\/fonts\/faq.<\/p>\n<h3 data-tadv-p=\"keep\">6 Kontaktaufnahme<\/h3>\n<p>Zur Kontaktaufnahme bez\u00fcglich des Datenschutzes k\u00f6nnen Sie sich gern an uns unter Verwendung der nachfolgenden Kontaktm\u00f6glichkeiten wenden. Verantwortlicher im Sinne der DSGVO:<\/p>\n<p>Menura Tours,<br \/>Jennifer Gaden und Aitor Altuna GbR<br \/>Amalienstra\u00dfe 4, 04229 Leipzig<br \/>E-Mail: <a href=\"javascript:DeCryptX('0i3q0f0o2B0m1f3q2w3u0a2\/2v0o3x3u1t0.1d3r3p')\">i&#110;&#102;o&#64;&#109;e&#110;&#117;r&#97;&#45;t&#111;ur&#115;.&#99;&#111;&#109;<\/a><br \/>Telefon: 0049\/ 176 80876050<\/p>\n","protected":false},"excerpt":{"rendered":"<p>1 Allgemeines Der Schutz Ihrer Daten ist uns besonders wichtig. Daher m\u00f6chten wir Sie an dieser Stelle informieren, wie wir die \u00fcber Sie erhobenen Daten nutzen und sch\u00fctzen. Die Einhaltung der aktuellen EU-Datenschutz-Grundverordnung (&#8222;DSGVO&#8220;) ist dabei selbstverst\u00e4ndlich unsere Grundlage. 1.1 [&hellip;]<\/p>\n","protected":false},"author":1,"featured_media":0,"parent":0,"menu_order":10,"comment_status":"open","ping_status":"closed","template":"","meta":{"ngg_post_thumbnail":0,"footnotes":""},"yoast_head":"<!-- This site is optimized with the Yoast SEO plugin v21.5 - https:\/\/yoast.com\/wordpress\/plugins\/seo\/ -->\n<title>Datenschutz - menura tours<\/title>\n<meta name=\"robots\" content=\"index, follow, max-snippet:-1, max-image-preview:large, max-video-preview:-1\" \/>\n<link rel=\"canonical\" href=\"https:\/\/www.menura-tours.com\/de\/datenschutz\/\" \/>\n<meta property=\"og:locale\" content=\"de_DE\" \/>\n<meta property=\"og:type\" content=\"article\" \/>\n<meta property=\"og:title\" content=\"Datenschutz - menura tours\" \/>\n<meta property=\"og:description\" content=\"1 Allgemeines Der Schutz Ihrer Daten ist uns besonders wichtig. Daher m\u00f6chten wir Sie an dieser Stelle informieren, wie wir die \u00fcber Sie erhobenen Daten nutzen und sch\u00fctzen. Die Einhaltung der aktuellen EU-Datenschutz-Grundverordnung (&#8222;DSGVO&#8220;) ist dabei selbstverst\u00e4ndlich unsere Grundlage. 1.1 [&hellip;]\" \/>\n<meta property=\"og:url\" content=\"https:\/\/www.menura-tours.com\/de\/datenschutz\/\" \/>\n<meta property=\"og:site_name\" content=\"menura tours\" \/>\n<meta property=\"article:modified_time\" content=\"2021-11-05T13:37:20+00:00\" \/>\n<meta name=\"twitter:card\" content=\"summary_large_image\" \/>\n<meta name=\"twitter:label1\" content=\"Gesch\u00e4tzte Lesezeit\" \/>\n\t<meta name=\"twitter:data1\" content=\"9\u00a0Minuten\" \/>\n<script type=\"application\/ld+json\" class=\"yoast-schema-graph\">{\"@context\":\"https:\/\/schema.org\",\"@graph\":[{\"@type\":\"WebPage\",\"@id\":\"https:\/\/www.menura-tours.com\/de\/datenschutz\/\",\"url\":\"https:\/\/www.menura-tours.com\/de\/datenschutz\/\",\"name\":\"Datenschutz - menura tours\",\"isPartOf\":{\"@id\":\"https:\/\/www.menura-tours.com\/de\/#website\"},\"datePublished\":\"2011-08-30T11:28:22+00:00\",\"dateModified\":\"2021-11-05T13:37:20+00:00\",\"breadcrumb\":{\"@id\":\"https:\/\/www.menura-tours.com\/de\/datenschutz\/#breadcrumb\"},\"inLanguage\":\"de\",\"potentialAction\":[{\"@type\":\"ReadAction\",\"target\":[\"https:\/\/www.menura-tours.com\/de\/datenschutz\/\"]}]},{\"@type\":\"BreadcrumbList\",\"@id\":\"https:\/\/www.menura-tours.com\/de\/datenschutz\/#breadcrumb\",\"itemListElement\":[{\"@type\":\"ListItem\",\"position\":1,\"name\":\"Startseite\",\"item\":\"https:\/\/www.menura-tours.com\/de\/\"},{\"@type\":\"ListItem\",\"position\":2,\"name\":\"Datenschutz\"}]},{\"@type\":\"WebSite\",\"@id\":\"https:\/\/www.menura-tours.com\/de\/#website\",\"url\":\"https:\/\/www.menura-tours.com\/de\/\",\"name\":\"menura tours\",\"description\":\"Sprachreisen nach Deutschland\",\"potentialAction\":[{\"@type\":\"SearchAction\",\"target\":{\"@type\":\"EntryPoint\",\"urlTemplate\":\"https:\/\/www.menura-tours.com\/de\/?s={search_term_string}\"},\"query-input\":\"required name=search_term_string\"}],\"inLanguage\":\"de\"}]}<\/script>\n<!-- \/ Yoast SEO plugin. -->","yoast_head_json":{"title":"Datenschutz - menura tours","robots":{"index":"index","follow":"follow","max-snippet":"max-snippet:-1","max-image-preview":"max-image-preview:large","max-video-preview":"max-video-preview:-1"},"canonical":"https:\/\/www.menura-tours.com\/de\/datenschutz\/","og_locale":"de_DE","og_type":"article","og_title":"Datenschutz - menura tours","og_description":"1 Allgemeines Der Schutz Ihrer Daten ist uns besonders wichtig. Daher m\u00f6chten wir Sie an dieser Stelle informieren, wie wir die \u00fcber Sie erhobenen Daten nutzen und sch\u00fctzen. Die Einhaltung der aktuellen EU-Datenschutz-Grundverordnung (&#8222;DSGVO&#8220;) ist dabei selbstverst\u00e4ndlich unsere Grundlage. 1.1 [&hellip;]","og_url":"https:\/\/www.menura-tours.com\/de\/datenschutz\/","og_site_name":"menura tours","article_modified_time":"2021-11-05T13:37:20+00:00","twitter_card":"summary_large_image","twitter_misc":{"Gesch\u00e4tzte Lesezeit":"9\u00a0Minuten"},"schema":{"@context":"https:\/\/schema.org","@graph":[{"@type":"WebPage","@id":"https:\/\/www.menura-tours.com\/de\/datenschutz\/","url":"https:\/\/www.menura-tours.com\/de\/datenschutz\/","name":"Datenschutz - menura tours","isPartOf":{"@id":"https:\/\/www.menura-tours.com\/de\/#website"},"datePublished":"2011-08-30T11:28:22+00:00","dateModified":"2021-11-05T13:37:20+00:00","breadcrumb":{"@id":"https:\/\/www.menura-tours.com\/de\/datenschutz\/#breadcrumb"},"inLanguage":"de","potentialAction":[{"@type":"ReadAction","target":["https:\/\/www.menura-tours.com\/de\/datenschutz\/"]}]},{"@type":"BreadcrumbList","@id":"https:\/\/www.menura-tours.com\/de\/datenschutz\/#breadcrumb","itemListElement":[{"@type":"ListItem","position":1,"name":"Startseite","item":"https:\/\/www.menura-tours.com\/de\/"},{"@type":"ListItem","position":2,"name":"Datenschutz"}]},{"@type":"WebSite","@id":"https:\/\/www.menura-tours.com\/de\/#website","url":"https:\/\/www.menura-tours.com\/de\/","name":"menura tours","description":"Sprachreisen nach Deutschland","potentialAction":[{"@type":"SearchAction","target":{"@type":"EntryPoint","urlTemplate":"https:\/\/www.menura-tours.com\/de\/?s={search_term_string}"},"query-input":"required name=search_term_string"}],"inLanguage":"de"}]}},"_links":{"self":[{"href":"https:\/\/www.menura-tours.com\/de\/wp-json\/wp\/v2\/pages\/169"}],"collection":[{"href":"https:\/\/www.menura-tours.com\/de\/wp-json\/wp\/v2\/pages"}],"about":[{"href":"https:\/\/www.menura-tours.com\/de\/wp-json\/wp\/v2\/types\/page"}],"author":[{"embeddable":true,"href":"https:\/\/www.menura-tours.com\/de\/wp-json\/wp\/v2\/users\/1"}],"replies":[{"embeddable":true,"href":"https:\/\/www.menura-tours.com\/de\/wp-json\/wp\/v2\/comments?post=169"}],"version-history":[{"count":0,"href":"https:\/\/www.menura-tours.com\/de\/wp-json\/wp\/v2\/pages\/169\/revisions"}],"wp:attachment":[{"href":"https:\/\/www.menura-tours.com\/de\/wp-json\/wp\/v2\/media?parent=169"}],"curies":[{"name":"wp","href":"https:\/\/api.w.org\/{rel}","templated":true}]}}