{"id":71724,"date":"2014-11-22T12:05:12","date_gmt":"2014-11-22T12:05:12","guid":{"rendered":"https:\/\/www.menura-tours.com\/quienes-somos\/"},"modified":"2022-11-25T09:45:55","modified_gmt":"2022-11-25T09:45:55","slug":"quienes-somos","status":"publish","type":"page","link":"https:\/\/www.menura-tours.com\/cl\/quienes-somos\/","title":{"rendered":"\u00bfQui\u00e9nes somos?"},"content":{"rendered":"<p>[vc_row content_placement=&#8221;top&#8221;][vc_column offset=&#8221;vc_col-lg-offset-0 vc_col-lg-5 vc_col-md-offset-0 vc_col-md-10 vc_col-sm-offset-0&#8243;]<div class=\"qodef-elements-holder   qodef-one-column  qodef-responsive-mode-768 \" ><div class=\"qodef-eh-item    \"  data-item-class=\"qodef-eh-custom-1964\" data-1367-1600=\"125px 0px 0 104px\" data-1025-1366=\"125px 0px 0 23px\" data-769-1024=\"0px 0px 170px 0px\" data-681-768=\"0px 0px 170px 0px\" data-680=\"0px 0px 30px 0px\">\n\t<div class=\"qodef-eh-item-inner\">\n\t\t<div class=\"qodef-eh-item-content qodef-eh-custom-1964\" style=\"padding: 0px 0px 0px 0px\">\n\t\t\t[vc_single_image image=&#8221;10968&#8243; img_size=&#8221;full&#8221;]\t\t<\/div>\n\t<\/div>\n<\/div><\/div>[\/vc_column][vc_column offset=&#8221;vc_col-lg-offset-0 vc_col-lg-7 vc_col-md-offset-0 vc_col-md-10 vc_col-sm-offset-0 vc_col-xs-12&#8243;]<div class=\"qodef-elements-holder   qodef-one-column  qodef-responsive-mode-768 \" ><div class=\"qodef-eh-item    \"  data-item-class=\"qodef-eh-custom-3231\" data-1367-1600=\"155px 0px 170px\" data-1025-1366=\"155px 0px 170px\" data-769-1024=\"155px 0px 80px\" data-681-768=\"155px 0px 80px\" data-680=\"0px 10px 30px 10px\">\n\t<div class=\"qodef-eh-item-inner\">\n\t\t<div class=\"qodef-eh-item-content qodef-eh-custom-3231\" >\n\t\t\t<div class=\"qodef-section-title-holder \" >\n\t<div class=\"qodef-st-inner\">\n\t\t\t\t\t\t\t<h2 class=\"qodef-st-title\" >\n\t\t\t\t\u00a1Hola! Soy Aitor Altuna Villanueva.\t\t\t<\/h2>\n\t\t\t\t\t\t\t<p class=\"qodef-st-text\" style=\"font-size: 17px;line-height: 28px;margin-top: 15px\">\n\t\t\t\tCuando finalic\u00e9 mis estudios de T\u00e9cnico Superior en Qu\u00edmica Ambiental me vine a vivir y a trabajar a Leipzig.\t\t\t<\/p>\n\t\t\t<\/div>\n<\/div>[vc_empty_space height=&#8221;13px&#8221;][vc_column_text]De joven particip\u00e9 en cursos de idiomas en el extranjero y en programas de intercambio en Francia e Irlanda, donde viv\u00ed una experiencia incre\u00edble y ampli\u00e9 en sobremanera mis conocimientos ling\u00fc\u00edsticos.<\/p>\n<p>A esto hay que a\u00f1adir que estuve en varios campamentos juveniles en Espa\u00f1a. Empec\u00e9 como participante y posteriormente pude desempe\u00f1ar con entusiasmo la profesi\u00f3n de monitor.&nbsp;Es de estos recuerdos que nace la idea de fundar una empresa de gesti\u00f3n de viajes para aprender idiomas en el extranjero.<\/p>\n<p>Para m\u00ed, Leipzig, mi nuevo hogar, es una ciudad acogedora, atractiva y que ofrece un gran abanico de posibilidades de ocio. \u00a1Me encanta ense\u00f1\u00e1rsela a nuestras visitas!<\/p>\n<p>Adem\u00e1s del espa\u00f1ol (mi lengua materna) domino el alem\u00e1n, el ingl\u00e9s y un poco de franc\u00e9s.[\/vc_column_text]\t\t<\/div>\n\t<\/div>\n<\/div><\/div>[\/vc_column][\/vc_row][vc_row content_placement=&#8221;top&#8221;][vc_column offset=&#8221;vc_col-lg-offset-0 vc_col-lg-7 vc_col-md-offset-0 vc_col-md-10 vc_col-sm-offset-0&#8243;]<div class=\"qodef-elements-holder   qodef-one-column  qodef-responsive-mode-768 \" ><div class=\"qodef-eh-item    \"  data-item-class=\"qodef-eh-custom-8839\" data-1367-1600=\"155px 0px 170px\" data-1025-1366=\"155px 0px 170px\" data-769-1024=\"155px 0px 80px\" data-681-768=\"155px 0px 80px\" data-680=\"30px 10px 10px 10px\">\n\t<div class=\"qodef-eh-item-inner\">\n\t\t<div class=\"qodef-eh-item-content qodef-eh-custom-8839\" style=\"padding: 120px 0px 0px 0px\">\n\t\t\t<div class=\"qodef-section-title-holder \" >\n\t<div class=\"qodef-st-inner\">\n\t\t\t\t\t\t\t<h2 class=\"qodef-st-title\" >\n\t\t\t\t\u00a1Hola! Me llamo Jennifer Gaden.\t\t\t<\/h2>\n\t\t\t\t\t\t\t<p class=\"qodef-st-text\" style=\"font-size: 17px;line-height: 28px;margin-top: 15px\">\n\t\t\t\tSoy profesora de alem\u00e1n como lengua extranjera y licenciada en Estudios Culturales y en Pedagog\u00eda Teatral.\t\t\t<\/p>\n\t\t\t<\/div>\n<\/div>[vc_empty_space height=&#8221;13px&#8221;][vc_column_text]Trabajar con gente es mi pasi\u00f3n. Desde hace 10 a\u00f1os me dedico a trabajar en el sector infantil, juvenil y en la formaci\u00f3n de adultos.<\/p>\n<p>Durante mi formaci\u00f3n escolar disfrut\u00e9 de programas de intercambio de alumnos en pa\u00edses como Suecia, Francia e Italia y durante la carrera realic\u00e9 tambi\u00e9n estancias laborales en el extranjero (por ejemplo en Francia y Australia).<\/p>\n<p>Estas experiencias tan variadas han contribuido a mi&nbsp;enriquecimiento personal. Cada vez regresaba a casa con una maleta llena de recuerdos, sue\u00f1os, amistades y conocimientos ling\u00fc\u00edsticos reci\u00e9n adquiridos, y con una pregunta en mente: \u00bfCu\u00e1ndo ser\u00e1 el pr\u00f3ximo viaje?<\/p>\n<p>Menura Tours me brinda la oportunidad \u00fanica de ayudar a que otros j\u00f3venes puedan disfrutar tambi\u00e9n de estas vivencias y conocer mi hermosa ciudad natal de L\u00fcbeck y nuestra residencia actual de Leipzig.<\/p>\n<p>Adem\u00e1s del alem\u00e1n (mi lengua materna) domino el espa\u00f1ol, el ingl\u00e9s y un poco de franc\u00e9s.[\/vc_column_text]\t\t<\/div>\n\t<\/div>\n<\/div><\/div>[\/vc_column][vc_column offset=&#8221;vc_col-lg-offset-0 vc_col-lg-5 vc_col-md-offset-0 vc_col-md-10 vc_col-sm-offset-0 vc_col-xs-12&#8243;]<div class=\"qodef-elements-holder   qodef-one-column  qodef-responsive-mode-768 \" ><div class=\"qodef-eh-item    \"  data-item-class=\"qodef-eh-custom-9384\" data-1367-1600=\"125px 0px 0 104px\" data-1025-1366=\"125px 0px 0 23px\" data-769-1024=\"0px 0px 170px 0px\" data-681-768=\"0px 0px 170px 0px\" data-680=\"0px 10px 0px 10px\">\n\t<div class=\"qodef-eh-item-inner\">\n\t\t<div class=\"qodef-eh-item-content qodef-eh-custom-9384\" style=\"padding: 120px 0px 0px 0px\">\n\t\t\t[vc_single_image image=&#8221;10964&#8243; img_size=&#8221;full&#8221;]\t\t<\/div>\n\t<\/div>\n<\/div><\/div>[\/vc_column][\/vc_row]<\/p>\n","protected":false},"excerpt":{"rendered":"<p>[vc_row content_placement=&#8221;top&#8221;][vc_column offset=&#8221;vc_col-lg-offset-0 vc_col-lg-5 vc_col-md-offset-0 vc_col-md-10 vc_col-sm-offset-0&#8243;][\/vc_column][vc_column offset=&#8221;vc_col-lg-offset-0 vc_col-lg-7 vc_col-md-offset-0 vc_col-md-10 vc_col-sm-offset-0 vc_col-xs-12&#8243;][\/vc_column][\/vc_row][vc_row content_placement=&#8221;top&#8221;][vc_column offset=&#8221;vc_col-lg-offset-0 vc_col-lg-7 vc_col-md-offset-0 vc_col-md-10 vc_col-sm-offset-0&#8243;][\/vc_column][vc_column offset=&#8221;vc_col-lg-offset-0 vc_col-lg-5 vc_col-md-offset-0 vc_col-md-10 vc_col-sm-offset-0 vc_col-xs-12&#8243;][\/vc_column][\/vc_row]<\/p>\n","protected":false},"author":2,"featured_media":0,"parent":0,"menu_order":0,"comment_status":"open","ping_status":"closed","template":"","meta":{"ngg_post_thumbnail":0,"footnotes":""},"yoast_head":"<!-- This site is optimized with the Yoast SEO plugin v21.5 - https:\/\/yoast.com\/wordpress\/plugins\/seo\/ -->\n<title>\u00bfQui\u00e9nes somos? - menura tours<\/title>\n<meta name=\"robots\" content=\"index, follow, max-snippet:-1, max-image-preview:large, max-video-preview:-1\" \/>\n<link rel=\"canonical\" href=\"https:\/\/www.menura-tours.com\/cl\/quienes-somos\/\" \/>\n<meta property=\"og:locale\" content=\"es_ES\" \/>\n<meta property=\"og:type\" content=\"article\" \/>\n<meta property=\"og:title\" content=\"\u00bfQui\u00e9nes somos? - menura tours\" \/>\n<meta property=\"og:description\" content=\"[vc_row content_placement=&#8221;top&#8221;][vc_column offset=&#8221;vc_col-lg-offset-0 vc_col-lg-5 vc_col-md-offset-0 vc_col-md-10 vc_col-sm-offset-0&#8243;][\/vc_column][vc_column offset=&#8221;vc_col-lg-offset-0 vc_col-lg-7 vc_col-md-offset-0 vc_col-md-10 vc_col-sm-offset-0 vc_col-xs-12&#8243;][\/vc_column][\/vc_row][vc_row content_placement=&#8221;top&#8221;][vc_column offset=&#8221;vc_col-lg-offset-0 vc_col-lg-7 vc_col-md-offset-0 vc_col-md-10 vc_col-sm-offset-0&#8243;][\/vc_column][vc_column offset=&#8221;vc_col-lg-offset-0 vc_col-lg-5 vc_col-md-offset-0 vc_col-md-10 vc_col-sm-offset-0 vc_col-xs-12&#8243;][\/vc_column][\/vc_row]\" \/>\n<meta property=\"og:url\" content=\"https:\/\/www.menura-tours.com\/cl\/quienes-somos\/\" \/>\n<meta property=\"og:site_name\" content=\"menura tours\" \/>\n<meta property=\"article:modified_time\" content=\"2022-11-25T09:45:55+00:00\" \/>\n<meta name=\"twitter:card\" content=\"summary_large_image\" \/>\n<meta name=\"twitter:label1\" content=\"Est. reading time\" \/>\n\t<meta name=\"twitter:data1\" content=\"4 minutos\" \/>\n<script type=\"application\/ld+json\" class=\"yoast-schema-graph\">{\"@context\":\"https:\/\/schema.org\",\"@graph\":[{\"@type\":\"WebPage\",\"@id\":\"https:\/\/www.menura-tours.com\/cl\/quienes-somos\/\",\"url\":\"https:\/\/www.menura-tours.com\/cl\/quienes-somos\/\",\"name\":\"\u00bfQui\u00e9nes somos? - menura tours\",\"isPartOf\":{\"@id\":\"https:\/\/www.menura-tours.com\/cl\/#website\"},\"datePublished\":\"2014-11-22T12:05:12+00:00\",\"dateModified\":\"2022-11-25T09:45:55+00:00\",\"breadcrumb\":{\"@id\":\"https:\/\/www.menura-tours.com\/cl\/quienes-somos\/#breadcrumb\"},\"inLanguage\":\"es-CL\",\"potentialAction\":[{\"@type\":\"ReadAction\",\"target\":[\"https:\/\/www.menura-tours.com\/cl\/quienes-somos\/\"]}]},{\"@type\":\"BreadcrumbList\",\"@id\":\"https:\/\/www.menura-tours.com\/cl\/quienes-somos\/#breadcrumb\",\"itemListElement\":[{\"@type\":\"ListItem\",\"position\":1,\"name\":\"Startseite\",\"item\":\"https:\/\/www.menura-tours.com\/mx\/inicio\/\"},{\"@type\":\"ListItem\",\"position\":2,\"name\":\"\u00bfQui\u00e9nes somos?\"}]},{\"@type\":\"WebSite\",\"@id\":\"https:\/\/www.menura-tours.com\/cl\/#website\",\"url\":\"https:\/\/www.menura-tours.com\/cl\/\",\"name\":\"menura tours\",\"description\":\"Sprachreisen nach Deutschland\",\"potentialAction\":[{\"@type\":\"SearchAction\",\"target\":{\"@type\":\"EntryPoint\",\"urlTemplate\":\"https:\/\/www.menura-tours.com\/cl\/?s={search_term_string}\"},\"query-input\":\"required name=search_term_string\"}],\"inLanguage\":\"es-CL\"}]}<\/script>\n<!-- \/ Yoast SEO plugin. -->","yoast_head_json":{"title":"\u00bfQui\u00e9nes somos? - menura tours","robots":{"index":"index","follow":"follow","max-snippet":"max-snippet:-1","max-image-preview":"max-image-preview:large","max-video-preview":"max-video-preview:-1"},"canonical":"https:\/\/www.menura-tours.com\/cl\/quienes-somos\/","og_locale":"es_ES","og_type":"article","og_title":"\u00bfQui\u00e9nes somos? - menura tours","og_description":"[vc_row content_placement=&#8221;top&#8221;][vc_column offset=&#8221;vc_col-lg-offset-0 vc_col-lg-5 vc_col-md-offset-0 vc_col-md-10 vc_col-sm-offset-0&#8243;][\/vc_column][vc_column offset=&#8221;vc_col-lg-offset-0 vc_col-lg-7 vc_col-md-offset-0 vc_col-md-10 vc_col-sm-offset-0 vc_col-xs-12&#8243;][\/vc_column][\/vc_row][vc_row content_placement=&#8221;top&#8221;][vc_column offset=&#8221;vc_col-lg-offset-0 vc_col-lg-7 vc_col-md-offset-0 vc_col-md-10 vc_col-sm-offset-0&#8243;][\/vc_column][vc_column offset=&#8221;vc_col-lg-offset-0 vc_col-lg-5 vc_col-md-offset-0 vc_col-md-10 vc_col-sm-offset-0 vc_col-xs-12&#8243;][\/vc_column][\/vc_row]","og_url":"https:\/\/www.menura-tours.com\/cl\/quienes-somos\/","og_site_name":"menura tours","article_modified_time":"2022-11-25T09:45:55+00:00","twitter_card":"summary_large_image","twitter_misc":{"Est. reading time":"4 minutos"},"schema":{"@context":"https:\/\/schema.org","@graph":[{"@type":"WebPage","@id":"https:\/\/www.menura-tours.com\/cl\/quienes-somos\/","url":"https:\/\/www.menura-tours.com\/cl\/quienes-somos\/","name":"\u00bfQui\u00e9nes somos? - menura tours","isPartOf":{"@id":"https:\/\/www.menura-tours.com\/cl\/#website"},"datePublished":"2014-11-22T12:05:12+00:00","dateModified":"2022-11-25T09:45:55+00:00","breadcrumb":{"@id":"https:\/\/www.menura-tours.com\/cl\/quienes-somos\/#breadcrumb"},"inLanguage":"es-CL","potentialAction":[{"@type":"ReadAction","target":["https:\/\/www.menura-tours.com\/cl\/quienes-somos\/"]}]},{"@type":"BreadcrumbList","@id":"https:\/\/www.menura-tours.com\/cl\/quienes-somos\/#breadcrumb","itemListElement":[{"@type":"ListItem","position":1,"name":"Startseite","item":"https:\/\/www.menura-tours.com\/mx\/inicio\/"},{"@type":"ListItem","position":2,"name":"\u00bfQui\u00e9nes somos?"}]},{"@type":"WebSite","@id":"https:\/\/www.menura-tours.com\/cl\/#website","url":"https:\/\/www.menura-tours.com\/cl\/","name":"menura tours","description":"Sprachreisen nach Deutschland","potentialAction":[{"@type":"SearchAction","target":{"@type":"EntryPoint","urlTemplate":"https:\/\/www.menura-tours.com\/cl\/?s={search_term_string}"},"query-input":"required name=search_term_string"}],"inLanguage":"es-CL"}]}},"_links":{"self":[{"href":"https:\/\/www.menura-tours.com\/cl\/wp-json\/wp\/v2\/pages\/71724"}],"collection":[{"href":"https:\/\/www.menura-tours.com\/cl\/wp-json\/wp\/v2\/pages"}],"about":[{"href":"https:\/\/www.menura-tours.com\/cl\/wp-json\/wp\/v2\/types\/page"}],"author":[{"embeddable":true,"href":"https:\/\/www.menura-tours.com\/cl\/wp-json\/wp\/v2\/users\/2"}],"replies":[{"embeddable":true,"href":"https:\/\/www.menura-tours.com\/cl\/wp-json\/wp\/v2\/comments?post=71724"}],"version-history":[{"count":0,"href":"https:\/\/www.menura-tours.com\/cl\/wp-json\/wp\/v2\/pages\/71724\/revisions"}],"wp:attachment":[{"href":"https:\/\/www.menura-tours.com\/cl\/wp-json\/wp\/v2\/media?parent=71724"}],"curies":[{"name":"wp","href":"https:\/\/api.w.org\/{rel}","templated":true}]}}