{"id":71723,"date":"2014-11-22T12:07:25","date_gmt":"2014-11-22T12:07:25","guid":{"rendered":"https:\/\/www.menura-tours.com\/politica-de-privacidad\/"},"modified":"2014-11-22T12:07:25","modified_gmt":"2014-11-22T12:07:25","slug":"politica-de-privacidad","status":"publish","type":"page","link":"https:\/\/www.menura-tours.com\/cl\/politica-de-privacidad\/","title":{"rendered":"Pol\u00edtica de privacidad"},"content":{"rendered":"<h3>1 Aspectos generales<\/h3>\n<p style=\"text-align: left;\">La protecci\u00f3n de datos personales es muy importante para nosotros, y por eso queremos proporcionarle informaci\u00f3n sobre c\u00f3mo tratamos sus datos personales cuando utiliza nuestra p\u00e1gina de acuerdo al Reglamento General de Protecci\u00f3n de Datos (RGPD).<\/p>\n<p><strong>1.1 Qu\u00e9 son los datos personales<br \/>\n<\/strong>La informaci\u00f3n personal es informaci\u00f3n que puede revelar o divulgar la identidad del usuario.&nbsp;Suscribimos el principio de minimizaci\u00f3n de datos:&nbsp;en la medida de lo posible, renunciamos a la recopilaci\u00f3n de datos personales.<\/p>\n<p><strong>1.2 Tratamiento de datos personales<br \/>\n<\/strong>Los datos personales se utilizan exclusivamente para el cumplimiento, ejecuci\u00f3n o gesti\u00f3n eficaz de una relaci\u00f3n contractual con el usuario (art. 6.1 apartado B del RGPD).&nbsp;Adem\u00e1s, los datos personales solo se procesar\u00e1n si hemos recibido su consentimiento para hacerlo (art. 6.1 apartado B del RGPD) o si se trata de datos cuyo tratamiento es necesario para nuestros intereses leg\u00edtimos y en la medida en que no atenten contra la expresi\u00f3n de sus derechos y libertades fundamentales (art. 6.1 apartado B del RGPD).&nbsp;Podemos delegar el tratamiento de sus datos personales, pero, por norma general, no revelaremos su informaci\u00f3n personal a terceros.&nbsp;Solamente, en aras de la ejecuci\u00f3n de un contrato, sus datos se enviar\u00e1n a la empresa de env\u00edo responsable de una entrega, en la medida en que sea necesario para la entrega del producto solicitado.&nbsp;En el caso de una transacci\u00f3n, los datos requeridos para este fin se env\u00edan a la entidad de cr\u00e9dito encargada del pago y, si procede, al proveedor del servicio de pago seleccionado.&nbsp;El tratamiento de sus datos personales se realiza exclusivamente en la UE, a menos que se especifique lo contrario ulteriormente.&nbsp;<\/p>\n<p><strong>1.3 Datos de uso<br \/>\n<\/strong>Al visitar nuestra p\u00e1gina web su navegador transferir\u00e1 ciertos datos t\u00e9cnicos a nuestro servidor web.&nbsp;Estos son su direcci\u00f3n IP, fecha y hora de acceso, la duraci\u00f3n de la visita, el modelo de navegador y, si es necesario, el sitio de referencia.&nbsp;Estos datos de uso se recopilan por razones t\u00e9cnicas en un archivo de registro y se pueden utilizar y almacenar para el an\u00e1lisis estad\u00edstico de la p\u00e1gina.&nbsp;No existe un enlace de estos datos de uso a sus otros datos personales.<\/p>\n<p><strong>1.4 Duraci\u00f3n del almacenamiento<br \/>\n<\/strong>Solo conservamos sus datos personales durante el tiempo que sea necesario para las finalidades que usted nos ha dado su autorizaci\u00f3n en el registro de esta p\u00e1gina, salvo que la ley disponga lo contrario.&nbsp;<\/p>\n<h3 data-tadv-p=\"keep\">2 Sus derechos<\/h3>\n<p><strong>2.1 Derecho de acceso<br \/>\n<\/strong>Toda persona tiene derecho a obtener informaci\u00f3n sobre el tratamiento de sus datos personales. Para m\u00e1s informaci\u00f3n, la tipolog\u00eda de datos que un interesado tiene derecho a solicitar se encuentra en el art. 15 del RGPD.<\/p>\n<p><strong>2.2 Derecho de rectificaci\u00f3n<br \/>\n<\/strong>Cualquier persona puede solicitar la modificaci\u00f3n de sus datos personales en caso de que sean incorrectos o incompletos, seg\u00fan el art. 16 del RGPD.<\/p>\n<p><strong>2.3 Derecho de supresi\u00f3n<br \/>\n<\/strong>Cualquier persona puede solicitar la eliminaci\u00f3n definitiva de los datos personales que resulten excesivos o inadecuados.&nbsp;Estamos obligados a cumplirlo, en particular si se aplica una de las siguientes razones:<br \/>\n\u25cf Los datos personales ya no son necesarios para los fines para los que fueron recogidos o tratados de otro modo.<br \/>\n\u25cf El interesado se opone al tratamiento de los datos, y no prevalezcan otros motivos leg\u00edtimos para el tratamiento.<br \/>\n\u25cf Los datos personales han sido tratados il\u00edcitamente.<br \/>\nEl derecho de eliminaci\u00f3n no existe si sus datos personales son necesarios para la afirmaci\u00f3n, el ejercicio o la defensa de nuestros derechos legales.<\/p>\n<p><strong>2.4 Derecho a la limitaci\u00f3n del tratamiento<br \/>\n<\/strong>El interesado tendr\u00e1 derecho a obtener del responsable del tratamiento la limitaci\u00f3n del tratamiento de los datos cuando:<br \/>\n\u25cf El interesado impugne la exactitud de los datos personales, y verificaremos la exactitud de los mismos.<br \/>\n\u25cf El tratamiento sea il\u00edcito y el interesado se oponga a la supresi\u00f3n de los datos personales y solicite en su lugar la limitaci\u00f3n de su uso.<br \/>\n\u25cf El responsable ya no necesite los datos personales para los fines del tratamiento, pero el interesado los necesite para la formulaci\u00f3n, el ejercicio o la defensa de reclamaciones.<br \/>\n\u25cf El interesado se haya opuesto al tratamiento mientras se verifica si nuestros motivos prevalecen sobre los suyos.<\/p>\n<p><strong>2.5 Derecho a la portabilidad de datos<br \/>\n<\/strong>El interesado tendr\u00e1 derecho a recibir los datos personales que le incumban, que haya facilitado a un responsable del tratamiento, en un formato estructurado, de uso com\u00fan y lectura mec\u00e1nica, y a transmitirlos a otro responsable del tratamiento sin que lo impida el responsable al que se los hubiera facilitado, siempre que el procesamiento se base en su consentimiento o con arreglo a un contrato, o cuando el tratamiento se efect\u00fae por medios automatizados.<\/p>\n<p><strong>2.6 Derecho de oposici\u00f3n<br \/>\n<\/strong>En la medida en que el tratamiento de sus datos personales se basa en un consentimiento, usted tiene derecho a revocar este consentimiento en cualquier momento.<\/p>\n<p><strong>2.7 Disposiciones generales y derecho de reclamaci\u00f3n<br \/>\n<\/strong>El ejercicio de sus derechos anteriores es generalmente gratuito.&nbsp;Usted tiene el derecho de comunicarse con la autoridad de supervisi\u00f3n responsable de la empresa o a la autoridad p\u00fablica competente directamente en caso de reclamaci\u00f3n.&nbsp;<\/p>\n<h3 data-tadv-p=\"keep\"><strong>3 <\/strong>Seguridad de datos<\/h3>\n<p>Todos los datos en nuestra p\u00e1gina web est\u00e1n protegidos contra p\u00e9rdida, destrucci\u00f3n, acceso, modificaci\u00f3n y difusi\u00f3n a trav\u00e9s de medidas t\u00e9cnicas y organizativas.<\/p>\n<p><strong>3.1 Sesiones y cookies<br \/>\n<\/strong>Para operar la p\u00e1gina web podemos usar cookies o sesiones en el servidor, en las que se pueden almacenar los datos.&nbsp;Nuestra p\u00e1gina utiliza cookies, que son peque\u00f1os archivos de texto almacenados en la memoria de su ordenador a trav\u00e9s de su navegador. Almacenan cierta informaci\u00f3n que su navegador puede retransmitirnos en su pr\u00f3xima visita a nuestra p\u00e1gina.&nbsp;Algunas de las cookies se eliminar\u00e1n una vez finalizada la sesi\u00f3n del navegador:&nbsp;son las denominadas cookies de sesi\u00f3n.&nbsp;Otras cookies permanecen en su dispositivo y permiten el reconocimiento del navegador durante una visita posterior a nuestra p\u00e1gina (cookies almacenadas).&nbsp;Puede configurar su navegador para que se le informe sobre la configuraci\u00f3n de las cookies y decidir espec\u00edficamente sobre la aceptaci\u00f3n o exclusi\u00f3n de unas y otras.&nbsp;Tenga en cuenta que algunos elementos de esta p\u00e1gina puede que no funcionen si las cookies est\u00e1n deshabilitadas.&nbsp;Nos aseguramos de que no se obtengan datos personales de las sesiones o de las cookies, y de que el uso de las mismas se limite estrictamente a las necesidades t\u00e9cnicas de la p\u00e1gina; en todo caso, que se limite a los fines espec\u00edficos para los cuales usted acord\u00f3 su consentimiento (art. 6.1 apartado A del RGPD).<\/p>\n<p><strong>4. Presencia en plataformas de redes sociales<br \/>\n<\/strong>Utilizamos las siguientes plataformas de redes sociales para la presentaci\u00f3n y comunicaci\u00f3n de la empresa (a continuaci\u00f3n, los enlaces a las declaraciones de privacidad de estos proveedores).<\/p>\n<p>Facebook (Facebook Ireland Ltd., 4 Grand Canal Square, Grand Canal Harbour, Dubl\u00edn 2, Irlanda). Pol\u00edtica de privacidad: https:\/\/www.facebook.com\/about\/privacy\/<br \/>\nOpt-Out: https:\/\/www.facebook.com\/settings?tab=ads&nbsp;<br \/>\nAlternative: http:\/\/www.youronlinechoices.com&nbsp;<\/p>\n<p>Las plataformas de redes sociales arriba mencionadas pueden procesar datos personales fuera de la UE. Le invitamos a consultar sus declaraciones de privacidad. El proveedor respectivo de los servicios o del contenido tambi\u00e9n puede, seg\u00fan su comportamiento de usuario y acciones en la p\u00e1gina, procesar sus datos para fines adicionales propios, como por ejemplo crear perfiles de usuario y almacenar cookies en su dispositivo. Si tiene una cuenta en una de las mencionadas plataformas de redes sociales y est\u00e1 conectado, su comportamiento de usuario puede incluso almacenarse independientemente del dispositivo. Su perfil de usuario puede ser utilizado para, por ejemplo, proponerle anuncios que supuestamente le interesan.&nbsp;Los enlaces a las pol\u00edticas de privacidad anteriores pueden ayudarle a evitar el registro de sus movimientos como usuario.<\/p>\n<p>En Menura Tours tratamos los datos personales exclusivamente para comunicarnos con usted a trav\u00e9s de las plataformas de redes sociales con el objetivo de optimizar nuestra presencia en l\u00ednea y garantizar sus derechos fundamentales, siempre y cuando estos prevalezcan sobre nuestros intereses leg\u00edtimos (art. 6.1 apartado A del RGPD). En la medida en que anteriormente haya otorgado su consentimiento al operador de una plataforma de redes sociales para el tratamiento de sus datos personales, el tratamiento de sus datos personales tambi\u00e9n tiene su consentimiento (art. 6.1 apartado A del RGPD).&nbsp;<\/p>\n<h3 data-tadv-p=\"keep\">5 Servicios de terceros<\/h3>\n<p><strong>5.1 Enlaces a redes sociales y redes sociales<br \/>\n<\/strong>Incluimos servicios y\/o contenido de terceros en nuestra p\u00e1gina, o bien enlaces a redes sociales externos. Cuando utiliza dichos servicios de terceros o cuando se muestra contenido de terceros (por ejemplo: Facebook, Twitter o Google+), los datos de comunicaci\u00f3n se intercambian entre usted y el proveedor.&nbsp;Para evitar la transmisi\u00f3n innecesaria de datos al usar el enlace mencionado, le recomendamos que cierre la sesi\u00f3n del proveedor tercero respectivo, de modo que \u00e9ste no cree ning\u00fan perfil de usuario.&nbsp;<\/p>\n<p><strong>5.2 Uso de Matomo<br \/>\n<\/strong>Nuestra p\u00e1gina web utiliza el servicio de an\u00e1lisis web Matomo. Este servicio utiliza cookies, peque\u00f1os archivos de texto que se almacenan en su ordenador y que permiten un an\u00e1lisis de su uso de la p\u00e1gina web.&nbsp;La informaci\u00f3n recopilada por la cookie acerca del uso de nuestra p\u00e1gina (incluida su direcci\u00f3n IP an\u00f3nima) se transmitir\u00e1 a nuestro servidor y se almacenar\u00e1 con fines de an\u00e1lisis de usabilidad, lo que mejorar\u00e1 la facilidad de uso de nuestra p\u00e1gina.&nbsp;Su direcci\u00f3n IP se mantendr\u00e1 de forma an\u00f3nima desde el principio y durante todo el proceso para asegurar la privacidad de nuestros usuarios; en todo caso, se limitar\u00e1 a los fines espec\u00edficos para los cuales usted acord\u00f3 su consentimiento (art. 6.1 apartado A del RGPD).&nbsp;La informaci\u00f3n generada por las cookies acerca de su uso de esta p\u00e1gina no ser\u00e1 divulgada a terceros.&nbsp;Puede rechazar el uso de cookies seleccionando la configuraci\u00f3n adecuada en su navegador; sin embargo, es posible que no pueda utilizar todas las funcionalidades de esta p\u00e1gina.&nbsp;Si no est\u00e1 de acuerdo con el almacenamiento y el an\u00e1lisis de los datos de su visita, puede hacer valer su derecho a la oposici\u00f3n en cualquier momento.&nbsp;En este caso, se almacenar\u00e1 en su dispositivo una denominada cookie de revocaci\u00f3n,&nbsp;y en consecuencia Matomo no recoger\u00e1 datos de la sesi\u00f3n abierta. Atenci\u00f3n: si elimina las cookies de su dispositivo, conllevar\u00e1 la eliminaci\u00f3n tambi\u00e9n de la cookie de revocaci\u00f3n, y sus efectos quedaran as\u00ed obsoletos. Este es el enlace para la cookie de revocaci\u00f3n de Matomo: <iframe style=\"border: 0; height: 200px; width: 600px;\" src=\"https:\/\/stat.shenkel.de\/index.php?module=CoreAdminHome&amp;action=optOut&amp;language=de&amp;backgroundColor=&amp;fontColor=&amp;fontSize=&amp;fontFamily=\"><\/iframe><\/p>\n<p><strong>5.3 Fuentes web de Google<br \/>\n<\/strong>Usamos las llamadas fuentes web de Google para mostrar el contenido en nuestra p\u00e1gina web.&nbsp;Para una mejor experiencia, estas fuentes se guardan autom\u00e1ticamente en la memoria cach\u00e9 de su navegador cuando visita una de nuestras p\u00e1ginas.&nbsp;Si su navegador no admite las fuentes web de Google, las fuentes est\u00e1ndar de su dispositivo ser\u00e1n las usadas, si procede.&nbsp;Esto no incumbe los derechos del usuario, al tratarse de un mero requisito t\u00e9cnico (art. 6.1 apartado A del RGPD).&nbsp;Puede ver la pol\u00edtica de privacidad de Google aqu\u00ed: https:\/\/www.google.com\/policies\/privacy\/. Para obtener m\u00e1s informaci\u00f3n acerca de Google Web Fonts visite https:\/\/developers.google.com\/fonts\/faq.&nbsp;&nbsp;<\/p>\n<h3 data-tadv-p=\"keep\">6 Contacto<\/h3>\n<p>Para cualquier consulta relacionada con la privacidad de los datos, por favor contacte con nuestra autoridad responsable de la supervisi\u00f3n:&nbsp;<\/p>\n<p>Menura Tours,&nbsp;<br \/>\nJennifer Gaden y Aitor Altuna GbR<br \/>\nAmalienstra\u00dfe 4, 04229 Leipzig<br \/>\nCorreo electr\u00f3nico: <a href=\"javascript:DeCryptX('0i0n1g3r0@3p2g1o2w0r1b302v2q3x3u0s1\/2e0o1n')\">&#105;&#110;fo&#64;me&#110;&#117;r&#97;-&#116;&#111;&#117;rs&#46;c&#111;m<\/a><br \/>\nTel\u00e9fono: 0049\/0177-7071183<\/p>\n<p style=\"text-align: left;\">&nbsp;<\/p>\n","protected":false},"excerpt":{"rendered":"<p>1 Aspectos generales La protecci\u00f3n de datos personales es muy importante para nosotros, y por eso queremos proporcionarle informaci\u00f3n sobre c\u00f3mo tratamos sus datos personales cuando utiliza nuestra p\u00e1gina de acuerdo al Reglamento General de Protecci\u00f3n de Datos (RGPD). 1.1 [&hellip;]<\/p>\n","protected":false},"author":2,"featured_media":0,"parent":0,"menu_order":10,"comment_status":"open","ping_status":"closed","template":"","meta":{"ngg_post_thumbnail":0,"footnotes":""},"yoast_head":"<!-- This site is optimized with the Yoast SEO plugin v21.5 - https:\/\/yoast.com\/wordpress\/plugins\/seo\/ -->\n<title>Pol\u00edtica de privacidad - menura tours<\/title>\n<meta name=\"robots\" content=\"index, follow, max-snippet:-1, max-image-preview:large, max-video-preview:-1\" \/>\n<link rel=\"canonical\" href=\"https:\/\/www.menura-tours.com\/cl\/politica-de-privacidad\/\" \/>\n<meta property=\"og:locale\" content=\"es_ES\" \/>\n<meta property=\"og:type\" content=\"article\" \/>\n<meta property=\"og:title\" content=\"Pol\u00edtica de privacidad - menura tours\" \/>\n<meta property=\"og:description\" content=\"1 Aspectos generales La protecci\u00f3n de datos personales es muy importante para nosotros, y por eso queremos proporcionarle informaci\u00f3n sobre c\u00f3mo tratamos sus datos personales cuando utiliza nuestra p\u00e1gina de acuerdo al Reglamento General de Protecci\u00f3n de Datos (RGPD). 1.1 [&hellip;]\" \/>\n<meta property=\"og:url\" content=\"https:\/\/www.menura-tours.com\/cl\/politica-de-privacidad\/\" \/>\n<meta property=\"og:site_name\" content=\"menura tours\" \/>\n<meta name=\"twitter:card\" content=\"summary_large_image\" \/>\n<meta name=\"twitter:label1\" content=\"Est. reading time\" \/>\n\t<meta name=\"twitter:data1\" content=\"10 minutos\" \/>\n<script type=\"application\/ld+json\" class=\"yoast-schema-graph\">{\"@context\":\"https:\/\/schema.org\",\"@graph\":[{\"@type\":\"WebPage\",\"@id\":\"https:\/\/www.menura-tours.com\/cl\/politica-de-privacidad\/\",\"url\":\"https:\/\/www.menura-tours.com\/cl\/politica-de-privacidad\/\",\"name\":\"Pol\u00edtica de privacidad - menura tours\",\"isPartOf\":{\"@id\":\"https:\/\/www.menura-tours.com\/cl\/#website\"},\"datePublished\":\"2014-11-22T12:07:25+00:00\",\"dateModified\":\"2014-11-22T12:07:25+00:00\",\"breadcrumb\":{\"@id\":\"https:\/\/www.menura-tours.com\/cl\/politica-de-privacidad\/#breadcrumb\"},\"inLanguage\":\"es-CL\",\"potentialAction\":[{\"@type\":\"ReadAction\",\"target\":[\"https:\/\/www.menura-tours.com\/cl\/politica-de-privacidad\/\"]}]},{\"@type\":\"BreadcrumbList\",\"@id\":\"https:\/\/www.menura-tours.com\/cl\/politica-de-privacidad\/#breadcrumb\",\"itemListElement\":[{\"@type\":\"ListItem\",\"position\":1,\"name\":\"Startseite\",\"item\":\"https:\/\/www.menura-tours.com\/mx\/inicio\/\"},{\"@type\":\"ListItem\",\"position\":2,\"name\":\"Pol\u00edtica de privacidad\"}]},{\"@type\":\"WebSite\",\"@id\":\"https:\/\/www.menura-tours.com\/cl\/#website\",\"url\":\"https:\/\/www.menura-tours.com\/cl\/\",\"name\":\"menura tours\",\"description\":\"Sprachreisen nach Deutschland\",\"potentialAction\":[{\"@type\":\"SearchAction\",\"target\":{\"@type\":\"EntryPoint\",\"urlTemplate\":\"https:\/\/www.menura-tours.com\/cl\/?s={search_term_string}\"},\"query-input\":\"required name=search_term_string\"}],\"inLanguage\":\"es-CL\"}]}<\/script>\n<!-- \/ Yoast SEO plugin. -->","yoast_head_json":{"title":"Pol\u00edtica de privacidad - menura tours","robots":{"index":"index","follow":"follow","max-snippet":"max-snippet:-1","max-image-preview":"max-image-preview:large","max-video-preview":"max-video-preview:-1"},"canonical":"https:\/\/www.menura-tours.com\/cl\/politica-de-privacidad\/","og_locale":"es_ES","og_type":"article","og_title":"Pol\u00edtica de privacidad - menura tours","og_description":"1 Aspectos generales La protecci\u00f3n de datos personales es muy importante para nosotros, y por eso queremos proporcionarle informaci\u00f3n sobre c\u00f3mo tratamos sus datos personales cuando utiliza nuestra p\u00e1gina de acuerdo al Reglamento General de Protecci\u00f3n de Datos (RGPD). 1.1 [&hellip;]","og_url":"https:\/\/www.menura-tours.com\/cl\/politica-de-privacidad\/","og_site_name":"menura tours","twitter_card":"summary_large_image","twitter_misc":{"Est. reading time":"10 minutos"},"schema":{"@context":"https:\/\/schema.org","@graph":[{"@type":"WebPage","@id":"https:\/\/www.menura-tours.com\/cl\/politica-de-privacidad\/","url":"https:\/\/www.menura-tours.com\/cl\/politica-de-privacidad\/","name":"Pol\u00edtica de privacidad - menura tours","isPartOf":{"@id":"https:\/\/www.menura-tours.com\/cl\/#website"},"datePublished":"2014-11-22T12:07:25+00:00","dateModified":"2014-11-22T12:07:25+00:00","breadcrumb":{"@id":"https:\/\/www.menura-tours.com\/cl\/politica-de-privacidad\/#breadcrumb"},"inLanguage":"es-CL","potentialAction":[{"@type":"ReadAction","target":["https:\/\/www.menura-tours.com\/cl\/politica-de-privacidad\/"]}]},{"@type":"BreadcrumbList","@id":"https:\/\/www.menura-tours.com\/cl\/politica-de-privacidad\/#breadcrumb","itemListElement":[{"@type":"ListItem","position":1,"name":"Startseite","item":"https:\/\/www.menura-tours.com\/mx\/inicio\/"},{"@type":"ListItem","position":2,"name":"Pol\u00edtica de privacidad"}]},{"@type":"WebSite","@id":"https:\/\/www.menura-tours.com\/cl\/#website","url":"https:\/\/www.menura-tours.com\/cl\/","name":"menura tours","description":"Sprachreisen nach Deutschland","potentialAction":[{"@type":"SearchAction","target":{"@type":"EntryPoint","urlTemplate":"https:\/\/www.menura-tours.com\/cl\/?s={search_term_string}"},"query-input":"required name=search_term_string"}],"inLanguage":"es-CL"}]}},"_links":{"self":[{"href":"https:\/\/www.menura-tours.com\/cl\/wp-json\/wp\/v2\/pages\/71723"}],"collection":[{"href":"https:\/\/www.menura-tours.com\/cl\/wp-json\/wp\/v2\/pages"}],"about":[{"href":"https:\/\/www.menura-tours.com\/cl\/wp-json\/wp\/v2\/types\/page"}],"author":[{"embeddable":true,"href":"https:\/\/www.menura-tours.com\/cl\/wp-json\/wp\/v2\/users\/2"}],"replies":[{"embeddable":true,"href":"https:\/\/www.menura-tours.com\/cl\/wp-json\/wp\/v2\/comments?post=71723"}],"version-history":[{"count":0,"href":"https:\/\/www.menura-tours.com\/cl\/wp-json\/wp\/v2\/pages\/71723\/revisions"}],"wp:attachment":[{"href":"https:\/\/www.menura-tours.com\/cl\/wp-json\/wp\/v2\/media?parent=71723"}],"curies":[{"name":"wp","href":"https:\/\/api.w.org\/{rel}","templated":true}]}}