{"id":71619,"date":"2021-10-15T12:18:11","date_gmt":"2021-10-15T12:18:11","guid":{"rendered":"https:\/\/www.menura-tours.com\/porque-ir-al-extranjero\/"},"modified":"2021-10-15T12:18:11","modified_gmt":"2021-10-15T12:18:11","slug":"porque-ir-al-extranjero","status":"publish","type":"page","link":"https:\/\/www.menura-tours.com\/cl\/porque-ir-al-extranjero\/","title":{"rendered":"\u00bfPor qu\u00e9 ir al extranjero?"},"content":{"rendered":"<p>[vc_row content_placement=&#8221;top&#8221; row_content_width=&#8221;grid&#8221;][vc_column offset=&#8221;vc_col-lg-offset-0 vc_col-lg-7 vc_col-md-offset-0 vc_col-md-10 vc_col-sm-offset-0&#8243;]<div class=\"qodef-elements-holder   qodef-one-column  qodef-responsive-mode-768 \" ><div class=\"qodef-eh-item    \"  data-item-class=\"qodef-eh-custom-5915\" data-1367-1600=\"155px 0px 170px\" data-1025-1366=\"155px 0px 170px\" data-769-1024=\"155px 0px 80px\" data-681-768=\"155px 0px 80px\" data-680=\"161px 0px 80px\">\n\t<div class=\"qodef-eh-item-inner\">\n\t\t<div class=\"qodef-eh-item-content qodef-eh-custom-5915\" style=\"padding: 0px 0 170px 0\">\n\t\t\t[vc_column_text]\n<span class=\"qodef-highlight\" style=\"color: #3fd0d4\">\n\tLa mejor manera de aprender un idioma es escucharlo, leerlo y hablarlo todos los d\u00edas.<\/span> En tu familia anfitriona, en el colegio o en la escuela de idiomas, durante las actividades de ocio, tus pr\u00e1cticas o tu voluntariado, s\u00f3lo te comunicar\u00e1s en alem\u00e1n desde el primer d\u00eda y desarrollar\u00e1s tus conocimientos del idioma r\u00e1pidamente. Incre\u00edble pero cierto: Muchos de nuestros clientes incluso sue\u00f1an en alem\u00e1n al final de su viaje.<\/p>\n<p>Una estancia en el extranjero es un plus en tu curriculum y \n<span class=\"qodef-highlight\" style=\"color: #3fd0d4\">\n\taumenta tus posibilidades a la hora de buscar un nuevo trabajo.<\/span> Es una experiencia muy valorada en los departamentos de recursos humanos de las empresas ya que te diferencia de los dem\u00e1s solicitantes y garantiza tus buenos conocimientos ling\u00fc\u00edsticos y tu madurez personal.<\/p>\n<p>Durante tu estancia en el extranjero, tendr\u00e1s la ocasi\u00f3n de abrir tu mente conociendo diferentes formas de vivir y de pensar. No siempre es f\u00e1cil adaptarse a las normas y h\u00e1bitos de otra cultura y siempre hay obst\u00e1culos que superar, pero con cada paso que des, \n<span class=\"qodef-highlight\" style=\"color: #3fd0d4\">\n\tganar\u00e1s confianza en ti mismo, crecer\u00e1s como persona y aumentar\u00e1s tus competencias interculturales.<\/span> Como resultado, pronto podr\u00e1s ver tu propia cultura desde una perspectiva completamente diferente.<\/p>\n<p>\n<span class=\"qodef-highlight\" style=\"color: #3fd0d4\">\n\tUna estancia en el extranjero permite experimentar c\u00f3mo las lenguas abren mundos a los que antes no se ten\u00eda acceso.<\/span> Las competencias ling\u00fc\u00edsticas facilitan el encuentro y el conocimiento mutuo. Te sorprender\u00e1s de la facilidad con la que har\u00e1s nuevos amigos y de la rapidez con la que tu familia anfitriona se convertir\u00e1 en un nuevo hogar para ti. Es incluso muy probable que tus nuevos familiares alemanes se conviertan en una segunda familia que te acompa\u00f1ar\u00e1 durante muchos a\u00f1os despu\u00e9s de tu viaje, quiz\u00e1s incluso durante toda la vida.<\/p>\n<p>\n<span class=\"qodef-highlight\" style=\"color: #3fd0d4\">\n\tUn a\u00f1o en el extranjero tambi\u00e9n significa tener tiempo para ti<\/span>, la oportunidad de seguir tus intereses individuales y satisfacer tu curiosidad. Usa el a\u00f1o para probar nuevos pasatiempos, abandonar las comodidades del hogar familiar y redescubrirte a ti mismo.<\/p>\n<p>&nbsp;<\/p>\n<p><img loading=\"lazy\" decoding=\"async\" class=\"size-full wp-image-40137\" src=\"https:\/\/www.menura-tours.com\/wp-content\/uploads\/AdobeStock_164824078-web-scaled.jpg\" alt=\"\" width=\"1920\" height=\"1282\" srcset=\"https:\/\/www.menura-tours.com\/wp-content\/uploads\/AdobeStock_164824078-web-scaled.jpg 1920w, https:\/\/www.menura-tours.com\/wp-content\/uploads\/AdobeStock_164824078-web-300x200.jpg 300w, https:\/\/www.menura-tours.com\/wp-content\/uploads\/AdobeStock_164824078-web-1024x684.jpg 1024w, https:\/\/www.menura-tours.com\/wp-content\/uploads\/AdobeStock_164824078-web-768x513.jpg 768w, https:\/\/www.menura-tours.com\/wp-content\/uploads\/AdobeStock_164824078-web-1536x1025.jpg 1536w\" sizes=\"(max-width: 1920px) 100vw, 1920px\" \/><\/p>\n<p>&nbsp;[\/vc_column_text]\t\t<\/div>\n\t<\/div>\n<\/div><\/div>[\/vc_column][vc_column offset=&#8221;vc_col-lg-offset-0 vc_col-lg-5 vc_col-md-offset-0 vc_col-md-10 vc_col-sm-offset-0 vc_col-xs-12&#8243;]<div class=\"qodef-elements-holder   qodef-one-column  qodef-responsive-mode-768 \" ><div class=\"qodef-eh-item    \"  data-item-class=\"qodef-eh-custom-2113\" data-1367-1600=\"125px 0px 0 104px\" data-1025-1366=\"125px 0px 0 23px\" data-769-1024=\"0px 0px 170px 0px\" data-681-768=\"0px 0px 170px 0px\" data-680=\"0px 0px 170px 0px\">\n\t<div class=\"qodef-eh-item-inner\">\n\t\t<div class=\"qodef-eh-item-content qodef-eh-custom-2113\" style=\"padding: 15px 0px 0 40px\">\n\t\t\t\t\t<\/div>\n\t<\/div>\n<\/div><\/div>[\/vc_column][\/vc_row]<\/p>\n","protected":false},"excerpt":{"rendered":"<p>[vc_row content_placement=&#8221;top&#8221; row_content_width=&#8221;grid&#8221;][vc_column offset=&#8221;vc_col-lg-offset-0 vc_col-lg-7 vc_col-md-offset-0 vc_col-md-10 vc_col-sm-offset-0&#8243;][\/vc_column][vc_column offset=&#8221;vc_col-lg-offset-0 vc_col-lg-5 vc_col-md-offset-0 vc_col-md-10 vc_col-sm-offset-0 vc_col-xs-12&#8243;][\/vc_column][\/vc_row]<\/p>\n","protected":false},"author":1,"featured_media":71621,"parent":0,"menu_order":0,"comment_status":"closed","ping_status":"closed","template":"","meta":{"ngg_post_thumbnail":0,"footnotes":""},"yoast_head":"<!-- This site is optimized with the Yoast SEO plugin v21.5 - https:\/\/yoast.com\/wordpress\/plugins\/seo\/ -->\n<title>\u00bfPor qu\u00e9 ir al extranjero? - menura tours<\/title>\n<meta name=\"robots\" content=\"index, follow, max-snippet:-1, max-image-preview:large, max-video-preview:-1\" \/>\n<link rel=\"canonical\" href=\"https:\/\/www.menura-tours.com\/cl\/porque-ir-al-extranjero\/\" \/>\n<meta property=\"og:locale\" content=\"es_ES\" \/>\n<meta property=\"og:type\" content=\"article\" \/>\n<meta property=\"og:title\" content=\"\u00bfPor qu\u00e9 ir al extranjero? - menura tours\" \/>\n<meta property=\"og:description\" content=\"[vc_row content_placement=&#8221;top&#8221; row_content_width=&#8221;grid&#8221;][vc_column offset=&#8221;vc_col-lg-offset-0 vc_col-lg-7 vc_col-md-offset-0 vc_col-md-10 vc_col-sm-offset-0&#8243;][\/vc_column][vc_column offset=&#8221;vc_col-lg-offset-0 vc_col-lg-5 vc_col-md-offset-0 vc_col-md-10 vc_col-sm-offset-0 vc_col-xs-12&#8243;][\/vc_column][\/vc_row]\" \/>\n<meta property=\"og:url\" content=\"https:\/\/www.menura-tours.com\/cl\/porque-ir-al-extranjero\/\" \/>\n<meta property=\"og:site_name\" content=\"menura tours\" \/>\n<meta property=\"og:image\" content=\"https:\/\/www.menura-tours.com\/wp-content\/uploads\/AdobeStock_164824078-web-scaled.jpg\" \/>\n<meta name=\"twitter:card\" content=\"summary_large_image\" \/>\n<meta name=\"twitter:label1\" content=\"Est. reading time\" \/>\n\t<meta name=\"twitter:data1\" content=\"3 minutos\" \/>\n<script type=\"application\/ld+json\" class=\"yoast-schema-graph\">{\"@context\":\"https:\/\/schema.org\",\"@graph\":[{\"@type\":\"WebPage\",\"@id\":\"https:\/\/www.menura-tours.com\/cl\/porque-ir-al-extranjero\/\",\"url\":\"https:\/\/www.menura-tours.com\/cl\/porque-ir-al-extranjero\/\",\"name\":\"\u00bfPor qu\u00e9 ir al extranjero? - menura tours\",\"isPartOf\":{\"@id\":\"https:\/\/www.menura-tours.com\/cl\/#website\"},\"datePublished\":\"2021-10-15T12:18:11+00:00\",\"dateModified\":\"2021-10-15T12:18:11+00:00\",\"breadcrumb\":{\"@id\":\"https:\/\/www.menura-tours.com\/cl\/porque-ir-al-extranjero\/#breadcrumb\"},\"inLanguage\":\"es-CL\",\"potentialAction\":[{\"@type\":\"ReadAction\",\"target\":[\"https:\/\/www.menura-tours.com\/cl\/porque-ir-al-extranjero\/\"]}]},{\"@type\":\"BreadcrumbList\",\"@id\":\"https:\/\/www.menura-tours.com\/cl\/porque-ir-al-extranjero\/#breadcrumb\",\"itemListElement\":[{\"@type\":\"ListItem\",\"position\":1,\"name\":\"Startseite\",\"item\":\"https:\/\/www.menura-tours.com\/mx\/inicio\/\"},{\"@type\":\"ListItem\",\"position\":2,\"name\":\"\u00bfPor qu\u00e9 ir al extranjero?\"}]},{\"@type\":\"WebSite\",\"@id\":\"https:\/\/www.menura-tours.com\/cl\/#website\",\"url\":\"https:\/\/www.menura-tours.com\/cl\/\",\"name\":\"menura tours\",\"description\":\"Sprachreisen nach Deutschland\",\"potentialAction\":[{\"@type\":\"SearchAction\",\"target\":{\"@type\":\"EntryPoint\",\"urlTemplate\":\"https:\/\/www.menura-tours.com\/cl\/?s={search_term_string}\"},\"query-input\":\"required name=search_term_string\"}],\"inLanguage\":\"es-CL\"}]}<\/script>\n<!-- \/ Yoast SEO plugin. -->","yoast_head_json":{"title":"\u00bfPor qu\u00e9 ir al extranjero? - menura tours","robots":{"index":"index","follow":"follow","max-snippet":"max-snippet:-1","max-image-preview":"max-image-preview:large","max-video-preview":"max-video-preview:-1"},"canonical":"https:\/\/www.menura-tours.com\/cl\/porque-ir-al-extranjero\/","og_locale":"es_ES","og_type":"article","og_title":"\u00bfPor qu\u00e9 ir al extranjero? - menura tours","og_description":"[vc_row content_placement=&#8221;top&#8221; row_content_width=&#8221;grid&#8221;][vc_column offset=&#8221;vc_col-lg-offset-0 vc_col-lg-7 vc_col-md-offset-0 vc_col-md-10 vc_col-sm-offset-0&#8243;][\/vc_column][vc_column offset=&#8221;vc_col-lg-offset-0 vc_col-lg-5 vc_col-md-offset-0 vc_col-md-10 vc_col-sm-offset-0 vc_col-xs-12&#8243;][\/vc_column][\/vc_row]","og_url":"https:\/\/www.menura-tours.com\/cl\/porque-ir-al-extranjero\/","og_site_name":"menura tours","og_image":[{"url":"https:\/\/www.menura-tours.com\/wp-content\/uploads\/AdobeStock_164824078-web-scaled.jpg"}],"twitter_card":"summary_large_image","twitter_misc":{"Est. reading time":"3 minutos"},"schema":{"@context":"https:\/\/schema.org","@graph":[{"@type":"WebPage","@id":"https:\/\/www.menura-tours.com\/cl\/porque-ir-al-extranjero\/","url":"https:\/\/www.menura-tours.com\/cl\/porque-ir-al-extranjero\/","name":"\u00bfPor qu\u00e9 ir al extranjero? - menura tours","isPartOf":{"@id":"https:\/\/www.menura-tours.com\/cl\/#website"},"datePublished":"2021-10-15T12:18:11+00:00","dateModified":"2021-10-15T12:18:11+00:00","breadcrumb":{"@id":"https:\/\/www.menura-tours.com\/cl\/porque-ir-al-extranjero\/#breadcrumb"},"inLanguage":"es-CL","potentialAction":[{"@type":"ReadAction","target":["https:\/\/www.menura-tours.com\/cl\/porque-ir-al-extranjero\/"]}]},{"@type":"BreadcrumbList","@id":"https:\/\/www.menura-tours.com\/cl\/porque-ir-al-extranjero\/#breadcrumb","itemListElement":[{"@type":"ListItem","position":1,"name":"Startseite","item":"https:\/\/www.menura-tours.com\/mx\/inicio\/"},{"@type":"ListItem","position":2,"name":"\u00bfPor qu\u00e9 ir al extranjero?"}]},{"@type":"WebSite","@id":"https:\/\/www.menura-tours.com\/cl\/#website","url":"https:\/\/www.menura-tours.com\/cl\/","name":"menura tours","description":"Sprachreisen nach Deutschland","potentialAction":[{"@type":"SearchAction","target":{"@type":"EntryPoint","urlTemplate":"https:\/\/www.menura-tours.com\/cl\/?s={search_term_string}"},"query-input":"required name=search_term_string"}],"inLanguage":"es-CL"}]}},"_links":{"self":[{"href":"https:\/\/www.menura-tours.com\/cl\/wp-json\/wp\/v2\/pages\/71619"}],"collection":[{"href":"https:\/\/www.menura-tours.com\/cl\/wp-json\/wp\/v2\/pages"}],"about":[{"href":"https:\/\/www.menura-tours.com\/cl\/wp-json\/wp\/v2\/types\/page"}],"author":[{"embeddable":true,"href":"https:\/\/www.menura-tours.com\/cl\/wp-json\/wp\/v2\/users\/1"}],"replies":[{"embeddable":true,"href":"https:\/\/www.menura-tours.com\/cl\/wp-json\/wp\/v2\/comments?post=71619"}],"version-history":[{"count":0,"href":"https:\/\/www.menura-tours.com\/cl\/wp-json\/wp\/v2\/pages\/71619\/revisions"}],"wp:featuredmedia":[{"embeddable":true,"href":"https:\/\/www.menura-tours.com\/cl\/wp-json\/wp\/v2\/media\/71621"}],"wp:attachment":[{"href":"https:\/\/www.menura-tours.com\/cl\/wp-json\/wp\/v2\/media?parent=71619"}],"curies":[{"name":"wp","href":"https:\/\/api.w.org\/{rel}","templated":true}]}}